{"id":511,"date":"2025-01-15T18:32:47","date_gmt":"2025-01-15T17:32:47","guid":{"rendered":"https:\/\/mundobarbacoa.net\/?page_id=511"},"modified":"2025-01-15T19:06:48","modified_gmt":"2025-01-15T18:06:48","slug":"barbacoas-weber-2","status":"publish","type":"page","link":"https:\/\/mundobarbacoa.net\/index.php\/barbacoas-weber-2\/","title":{"rendered":"Barbacoas Weber"},"content":{"rendered":"\n<p class=\"has-nv-dark-bg-color has-nv-c-2-background-color has-text-color has-background has-link-color has-medium-font-size wp-elements-88230468bc47a9492e6b9aa0c8117d46\"><strong>Te proporcionamos las mejores barbacoas Weber. Bas\u00e1ndonos en opiniones de los usuarios y por ser las m\u00e1s vendidas. <\/strong><\/p>\n\n\n\n<div class=\"wp-block-columns has-nv-site-bg-background-color has-background is-layout-flex wp-container-core-columns-layout-1 wp-block-columns-is-layout-flex\">\n<div class=\"wp-block-column is-layout-flow wp-block-column-is-layout-flow\">\n<figure class=\"wp-block-image size-full is-resized\"><a href=\"https:\/\/amzn.to\/40joc4t\"><img loading=\"lazy\" decoding=\"async\" width=\"904\" height=\"802\" src=\"https:\/\/mundobarbacoa.net\/wp-content\/uploads\/2025\/01\/61PJCyeGzL._AC_SL1000_.jpg\" alt=\"Weber Barbacoa Genesis II E310 color negro. Barbacoa de gas\" class=\"wp-image-527\" style=\"width:344px;height:auto\" srcset=\"https:\/\/mundobarbacoa.net\/wp-content\/uploads\/2025\/01\/61PJCyeGzL._AC_SL1000_.jpg 904w, https:\/\/mundobarbacoa.net\/wp-content\/uploads\/2025\/01\/61PJCyeGzL._AC_SL1000_-300x266.jpg 300w, https:\/\/mundobarbacoa.net\/wp-content\/uploads\/2025\/01\/61PJCyeGzL._AC_SL1000_-768x681.jpg 768w\" sizes=\"(max-width: 904px) 100vw, 904px\" \/><\/a><\/figure>\n\n\n\n<p class=\"has-text-align-center has-nv-dark-bg-color has-nv-c-2-background-color has-text-color has-background has-link-color wp-elements-b594f408f5381c48a00e6f6129591127\"><strong>Weber Barbacoa Genesis II E310 color negro. Barbacoa de gas<\/strong><\/p>\n\n\n\n<div class=\"wp-block-buttons is-content-justification-center is-layout-flex wp-container-core-buttons-layout-1 wp-block-buttons-is-layout-flex\">\n<div class=\"wp-block-button has-custom-width wp-block-button__width-100\"><a class=\"wp-block-button__link has-nv-dark-bg-color has-text-color has-background has-link-color wp-element-button\" href=\"https:\/\/amzn.to\/40joc4t\" style=\"background:linear-gradient(135deg,rgb(252,185,0) 100%,rgb(255,105,0) 100%)\">Ver<strong> en Amazon<\/strong><\/a><\/div>\n<\/div>\n<\/div>\n\n\n\n<div class=\"wp-block-column is-layout-flow wp-block-column-is-layout-flow\">\n<figure class=\"wp-block-image aligncenter size-full is-resized\"><a href=\"https:\/\/amzn.to\/4gMkkQF\"><img loading=\"lazy\" decoding=\"async\" width=\"1025\" height=\"1500\" src=\"https:\/\/mundobarbacoa.net\/wp-content\/uploads\/2025\/01\/71aR5dcoAVL._AC_SL1500_.jpg\" alt=\"\nWeber Compact Kettle. Barbacoa de carb\u00f3n, 57 cm.\" class=\"wp-image-528\" style=\"width:209px;height:auto\" srcset=\"https:\/\/mundobarbacoa.net\/wp-content\/uploads\/2025\/01\/71aR5dcoAVL._AC_SL1500_.jpg 1025w, https:\/\/mundobarbacoa.net\/wp-content\/uploads\/2025\/01\/71aR5dcoAVL._AC_SL1500_-205x300.jpg 205w, https:\/\/mundobarbacoa.net\/wp-content\/uploads\/2025\/01\/71aR5dcoAVL._AC_SL1500_-700x1024.jpg 700w, https:\/\/mundobarbacoa.net\/wp-content\/uploads\/2025\/01\/71aR5dcoAVL._AC_SL1500_-768x1124.jpg 768w\" sizes=\"(max-width: 1025px) 100vw, 1025px\" \/><\/a><\/figure>\n\n\n\n<p class=\"has-text-align-center has-nv-dark-bg-color has-nv-c-2-background-color has-text-color has-background has-link-color wp-elements-2ac527ee1b14b6d44c4cbc696d54363d\"><strong>Weber Compact Kettle. Barbacoa de carb\u00f3n, 57 cm.<\/strong><\/p>\n\n\n\n<div class=\"wp-block-buttons is-content-justification-center is-layout-flex wp-container-core-buttons-layout-2 wp-block-buttons-is-layout-flex\">\n<div class=\"wp-block-button has-custom-width wp-block-button__width-100\"><a class=\"wp-block-button__link has-nv-dark-bg-color has-text-color has-background has-link-color wp-element-button\" href=\"https:\/\/amzn.to\/4gMkkQF\" style=\"background:linear-gradient(135deg,rgb(252,185,0) 100%,rgb(255,105,0) 100%)\">Ver<strong> en Amazon<\/strong><\/a><\/div>\n<\/div>\n<\/div>\n\n\n\n<div class=\"wp-block-column is-layout-flow wp-block-column-is-layout-flow\"><div class=\"wp-block-image\">\n<figure class=\"aligncenter size-full is-resized\"><a href=\"https:\/\/amzn.to\/3CbzpMu\"><img loading=\"lazy\" decoding=\"async\" width=\"585\" height=\"580\" src=\"https:\/\/mundobarbacoa.net\/wp-content\/uploads\/2025\/01\/41CFldNLsL._AC_SL1000_.jpg\" alt=\"Weber Barbacoa de gas Spirit E315 GBS. Tres quemadores.\" class=\"wp-image-529\" style=\"width:308px;height:auto\" srcset=\"https:\/\/mundobarbacoa.net\/wp-content\/uploads\/2025\/01\/41CFldNLsL._AC_SL1000_.jpg 585w, https:\/\/mundobarbacoa.net\/wp-content\/uploads\/2025\/01\/41CFldNLsL._AC_SL1000_-300x297.jpg 300w, https:\/\/mundobarbacoa.net\/wp-content\/uploads\/2025\/01\/41CFldNLsL._AC_SL1000_-150x150.jpg 150w\" sizes=\"(max-width: 585px) 100vw, 585px\" \/><\/a><\/figure><\/div>\n\n\n<p class=\"has-text-align-center has-nv-dark-bg-color has-nv-c-2-background-color has-text-color has-background has-link-color wp-elements-6d34ed4dfcc67b509500c58f3bb9ffa3\"><strong>Weber Barbacoa de gas Spirit E315 GBS. Tres quemadores.<\/strong><\/p>\n\n\n\n<div class=\"wp-block-buttons is-content-justification-center is-layout-flex wp-container-core-buttons-layout-3 wp-block-buttons-is-layout-flex\">\n<div class=\"wp-block-button has-custom-width wp-block-button__width-100\"><a class=\"wp-block-button__link has-nv-dark-bg-color has-text-color has-background has-link-color wp-element-button\" href=\"https:\/\/amzn.to\/3CbzpMu\" style=\"background:linear-gradient(135deg,rgb(252,185,0) 100%,rgb(255,105,0) 100%)\">Ver<strong> en Amazon<\/strong><\/a><\/div>\n<\/div>\n<\/div>\n<\/div>\n\n\n\n<div class=\"wp-block-columns has-nv-site-bg-background-color has-background is-layout-flex wp-container-core-columns-layout-2 wp-block-columns-is-layout-flex\">\n<div class=\"wp-block-column is-layout-flow wp-block-column-is-layout-flow\">\n<figure class=\"wp-block-image size-full is-resized\"><a href=\"https:\/\/amzn.to\/3WoydfF\"><img loading=\"lazy\" decoding=\"async\" width=\"950\" height=\"1007\" src=\"https:\/\/mundobarbacoa.net\/wp-content\/uploads\/2025\/01\/614FlEZxXRL._AC_SL1017_.jpg\" alt=\"Weber 15401004. Performer Premium GBS 57 cm di\u00e1metro.\" class=\"wp-image-532\" style=\"width:344px;height:auto\" srcset=\"https:\/\/mundobarbacoa.net\/wp-content\/uploads\/2025\/01\/614FlEZxXRL._AC_SL1017_.jpg 950w, https:\/\/mundobarbacoa.net\/wp-content\/uploads\/2025\/01\/614FlEZxXRL._AC_SL1017_-283x300.jpg 283w, https:\/\/mundobarbacoa.net\/wp-content\/uploads\/2025\/01\/614FlEZxXRL._AC_SL1017_-768x814.jpg 768w\" sizes=\"(max-width: 950px) 100vw, 950px\" \/><\/a><\/figure>\n\n\n\n<p class=\"has-text-align-center has-nv-dark-bg-color has-nv-c-2-background-color has-text-color has-background has-link-color wp-elements-07f6224ab81a03c0b21ab8aeaf4c50f0\"><strong>Weber 15401004. Performer Premium GBS 57 cm di\u00e1metro.<\/strong><\/p>\n\n\n\n<div class=\"wp-block-buttons is-content-justification-center is-layout-flex wp-container-core-buttons-layout-4 wp-block-buttons-is-layout-flex\">\n<div class=\"wp-block-button has-custom-width wp-block-button__width-100\"><a class=\"wp-block-button__link has-nv-dark-bg-color has-text-color has-background has-link-color wp-element-button\" href=\"https:\/\/amzn.to\/3WoydfF\" style=\"background:linear-gradient(135deg,rgb(252,185,0) 100%,rgb(255,105,0) 100%)\">Ver<strong> en Amazon<\/strong><\/a><\/div>\n<\/div>\n<\/div>\n\n\n\n<div class=\"wp-block-column is-layout-flow wp-block-column-is-layout-flow\"><div class=\"wp-block-image\">\n<figure class=\"aligncenter size-full is-resized\"><a href=\"https:\/\/amzn.to\/3CiuOIo\"><img loading=\"lazy\" decoding=\"async\" width=\"1248\" height=\"1296\" src=\"https:\/\/mundobarbacoa.net\/wp-content\/uploads\/2025\/01\/Diseno-sin-titulo-1.png\" alt=\"Weber Q1400 Barbacoa el\u00e9ctrica, 43 x 32cm, Dark Grey.\" class=\"wp-image-534\" style=\"width:349px;height:auto\" srcset=\"https:\/\/mundobarbacoa.net\/wp-content\/uploads\/2025\/01\/Diseno-sin-titulo-1.png 1248w, https:\/\/mundobarbacoa.net\/wp-content\/uploads\/2025\/01\/Diseno-sin-titulo-1-289x300.png 289w, https:\/\/mundobarbacoa.net\/wp-content\/uploads\/2025\/01\/Diseno-sin-titulo-1-986x1024.png 986w, https:\/\/mundobarbacoa.net\/wp-content\/uploads\/2025\/01\/Diseno-sin-titulo-1-768x798.png 768w\" sizes=\"(max-width: 1248px) 100vw, 1248px\" \/><\/a><\/figure><\/div>\n\n\n<p class=\"has-text-align-center has-nv-dark-bg-color has-nv-c-2-background-color has-text-color has-background has-link-color wp-elements-1b9115117ac4df9a64b4ef371cd2644d\"><strong>Weber Q1400 Barbacoa el\u00e9ctrica, 43 x 32cm, Dark Grey.<\/strong><\/p>\n\n\n\n<div class=\"wp-block-buttons is-content-justification-center is-layout-flex wp-container-core-buttons-layout-5 wp-block-buttons-is-layout-flex\">\n<div class=\"wp-block-button has-custom-width wp-block-button__width-100\"><a class=\"wp-block-button__link has-nv-dark-bg-color has-text-color has-background has-link-color wp-element-button\" href=\"https:\/\/amzn.to\/3CiuOIo\" style=\"background:linear-gradient(135deg,rgb(252,185,0) 100%,rgb(255,105,0) 100%)\">Ver<strong> en Amazon<\/strong><\/a><\/div>\n<\/div>\n<\/div>\n\n\n\n<div class=\"wp-block-column is-layout-flow wp-block-column-is-layout-flow\"><div class=\"wp-block-image\">\n<figure class=\"aligncenter size-large is-resized\"><a href=\"https:\/\/amzn.to\/3DXJpcO\"><img loading=\"lazy\" decoding=\"async\" width=\"1024\" height=\"1016\" src=\"https:\/\/mundobarbacoa.net\/wp-content\/uploads\/2025\/01\/Diseno-sin-titulo-2-1024x1016.png\" alt=\"Weber Go-Anywhere. Barbacoa de Gas port\u00e1til, 42 x 26 cm.\" class=\"wp-image-539\" style=\"width:364px;height:auto\" srcset=\"https:\/\/mundobarbacoa.net\/wp-content\/uploads\/2025\/01\/Diseno-sin-titulo-2-1024x1016.png 1024w, https:\/\/mundobarbacoa.net\/wp-content\/uploads\/2025\/01\/Diseno-sin-titulo-2-300x298.png 300w, https:\/\/mundobarbacoa.net\/wp-content\/uploads\/2025\/01\/Diseno-sin-titulo-2-150x150.png 150w, https:\/\/mundobarbacoa.net\/wp-content\/uploads\/2025\/01\/Diseno-sin-titulo-2-768x762.png 768w, https:\/\/mundobarbacoa.net\/wp-content\/uploads\/2025\/01\/Diseno-sin-titulo-2.png 1349w\" sizes=\"(max-width: 1024px) 100vw, 1024px\" \/><\/a><\/figure><\/div>\n\n\n<p class=\"has-text-align-center has-nv-dark-bg-color has-nv-c-2-background-color has-text-color has-background has-link-color wp-elements-1676b25ae0417bc0ed6ef17ac5d7b4f7\"><strong>Weber Go-Anywhere. Barbacoa de Gas port\u00e1til, 42 x 26 cm.<\/strong><\/p>\n\n\n\n<div class=\"wp-block-buttons is-content-justification-center is-layout-flex wp-container-core-buttons-layout-6 wp-block-buttons-is-layout-flex\">\n<div class=\"wp-block-button has-custom-width wp-block-button__width-100\"><a class=\"wp-block-button__link has-nv-dark-bg-color has-text-color has-background has-link-color wp-element-button\" href=\"https:\/\/amzn.to\/3DXJpcO\" style=\"background:linear-gradient(135deg,rgb(252,185,0) 100%,rgb(255,105,0) 100%)\">Ver<strong> en Amazon<\/strong><\/a><\/div>\n<\/div>\n<\/div>\n<\/div>\n","protected":false},"excerpt":{"rendered":"<p>Te proporcionamos las mejores barbacoas Weber. Bas\u00e1ndonos en opiniones de los usuarios y por ser las m\u00e1s vendidas. Weber Barbacoa Genesis II E310 color negro. Barbacoa de gas Weber Compact Kettle. Barbacoa de carb\u00f3n, 57 cm. Weber Barbacoa de gas Spirit E315 GBS. Tres quemadores. Weber 15401004. Performer Premium GBS 57 cm di\u00e1metro. Weber Q1400&hellip;&nbsp;<a href=\"https:\/\/mundobarbacoa.net\/index.php\/barbacoas-weber-2\/\" rel=\"bookmark\">Leer m\u00e1s &raquo;<span class=\"screen-reader-text\">Barbacoas Weber<\/span><\/a><\/p>\n","protected":false},"author":1,"featured_media":0,"parent":0,"menu_order":0,"comment_status":"closed","ping_status":"closed","template":"","meta":{"neve_meta_sidebar":"","neve_meta_container":"","neve_meta_enable_content_width":"","neve_meta_content_width":0,"neve_meta_title_alignment":"","neve_meta_author_avatar":"","neve_post_elements_order":"","neve_meta_disable_header":"","neve_meta_disable_footer":"","neve_meta_disable_title":"","footnotes":""},"yoast_head":"<!-- This site is optimized with the Yoast SEO plugin v21.5 - https:\/\/yoast.com\/wordpress\/plugins\/seo\/ -->\n<title>Barbacoas Weber - Mundo Barbacoa<\/title>\n<meta name=\"description\" content=\"Te proporcionamos las mejores barbacoas Weber. Bas\u00e1ndonos en opiniones de los usuarios y por ser las m\u00e1s vendidas.\" \/>\n<meta name=\"robots\" content=\"index, follow, max-snippet:-1, max-image-preview:large, max-video-preview:-1\" \/>\n<link rel=\"canonical\" href=\"https:\/\/mundobarbacoa.net\/index.php\/barbacoas-weber-2\/\" \/>\n<meta property=\"og:locale\" content=\"es_ES\" \/>\n<meta property=\"og:type\" content=\"article\" \/>\n<meta property=\"og:title\" content=\"Barbacoas Weber - Mundo Barbacoa\" \/>\n<meta property=\"og:description\" content=\"Te proporcionamos las mejores barbacoas Weber. Bas\u00e1ndonos en opiniones de los usuarios y por ser las m\u00e1s vendidas.\" \/>\n<meta property=\"og:url\" content=\"https:\/\/mundobarbacoa.net\/index.php\/barbacoas-weber-2\/\" \/>\n<meta property=\"og:site_name\" content=\"Mundo Barbacoa\" \/>\n<meta property=\"article:modified_time\" content=\"2025-01-15T18:06:48+00:00\" \/>\n<meta property=\"og:image\" content=\"https:\/\/mundobarbacoa.net\/wp-content\/uploads\/2025\/01\/61PJCyeGzL._AC_SL1000_.jpg\" \/>\n<meta name=\"twitter:card\" content=\"summary_large_image\" \/>\n<meta name=\"twitter:label1\" content=\"Tiempo de lectura\" \/>\n\t<meta name=\"twitter:data1\" content=\"2 minutos\" \/>\n<script type=\"application\/ld+json\" class=\"yoast-schema-graph\">{\"@context\":\"https:\/\/schema.org\",\"@graph\":[{\"@type\":\"WebPage\",\"@id\":\"https:\/\/mundobarbacoa.net\/index.php\/barbacoas-weber-2\/\",\"url\":\"https:\/\/mundobarbacoa.net\/index.php\/barbacoas-weber-2\/\",\"name\":\"Barbacoas Weber - Mundo Barbacoa\",\"isPartOf\":{\"@id\":\"https:\/\/mundobarbacoa.net\/#website\"},\"datePublished\":\"2025-01-15T17:32:47+00:00\",\"dateModified\":\"2025-01-15T18:06:48+00:00\",\"description\":\"Te proporcionamos las mejores barbacoas Weber. Bas\u00e1ndonos en opiniones de los usuarios y por ser las m\u00e1s vendidas.\",\"breadcrumb\":{\"@id\":\"https:\/\/mundobarbacoa.net\/index.php\/barbacoas-weber-2\/#breadcrumb\"},\"inLanguage\":\"es\",\"potentialAction\":[{\"@type\":\"ReadAction\",\"target\":[\"https:\/\/mundobarbacoa.net\/index.php\/barbacoas-weber-2\/\"]}]},{\"@type\":\"BreadcrumbList\",\"@id\":\"https:\/\/mundobarbacoa.net\/index.php\/barbacoas-weber-2\/#breadcrumb\",\"itemListElement\":[{\"@type\":\"ListItem\",\"position\":1,\"name\":\"Portada\",\"item\":\"https:\/\/mundobarbacoa.net\/\"},{\"@type\":\"ListItem\",\"position\":2,\"name\":\"Barbacoas Weber\"}]},{\"@type\":\"WebSite\",\"@id\":\"https:\/\/mundobarbacoa.net\/#website\",\"url\":\"https:\/\/mundobarbacoa.net\/\",\"name\":\"Mundo Barbacoa\",\"description\":\"Analizamos los mejores modelos de barbacoas\",\"publisher\":{\"@id\":\"https:\/\/mundobarbacoa.net\/#\/schema\/person\/9cb2ce144c9050dc9d465106c00b4b60\"},\"potentialAction\":[{\"@type\":\"SearchAction\",\"target\":{\"@type\":\"EntryPoint\",\"urlTemplate\":\"https:\/\/mundobarbacoa.net\/?s={search_term_string}\"},\"query-input\":\"required name=search_term_string\"}],\"inLanguage\":\"es\"},{\"@type\":[\"Person\",\"Organization\"],\"@id\":\"https:\/\/mundobarbacoa.net\/#\/schema\/person\/9cb2ce144c9050dc9d465106c00b4b60\",\"name\":\"kmcerofood\",\"logo\":{\"@id\":\"https:\/\/mundobarbacoa.net\/#\/schema\/person\/image\/\"},\"sameAs\":[\"https:\/\/mundobarbacoa.net\"]}]}<\/script>\n<!-- \/ Yoast SEO plugin. -->","yoast_head_json":{"title":"Barbacoas Weber - Mundo Barbacoa","description":"Te proporcionamos las mejores barbacoas Weber. Bas\u00e1ndonos en opiniones de los usuarios y por ser las m\u00e1s vendidas.","robots":{"index":"index","follow":"follow","max-snippet":"max-snippet:-1","max-image-preview":"max-image-preview:large","max-video-preview":"max-video-preview:-1"},"canonical":"https:\/\/mundobarbacoa.net\/index.php\/barbacoas-weber-2\/","og_locale":"es_ES","og_type":"article","og_title":"Barbacoas Weber - Mundo Barbacoa","og_description":"Te proporcionamos las mejores barbacoas Weber. Bas\u00e1ndonos en opiniones de los usuarios y por ser las m\u00e1s vendidas.","og_url":"https:\/\/mundobarbacoa.net\/index.php\/barbacoas-weber-2\/","og_site_name":"Mundo Barbacoa","article_modified_time":"2025-01-15T18:06:48+00:00","og_image":[{"url":"https:\/\/mundobarbacoa.net\/wp-content\/uploads\/2025\/01\/61PJCyeGzL._AC_SL1000_.jpg"}],"twitter_card":"summary_large_image","twitter_misc":{"Tiempo de lectura":"2 minutos"},"schema":{"@context":"https:\/\/schema.org","@graph":[{"@type":"WebPage","@id":"https:\/\/mundobarbacoa.net\/index.php\/barbacoas-weber-2\/","url":"https:\/\/mundobarbacoa.net\/index.php\/barbacoas-weber-2\/","name":"Barbacoas Weber - Mundo Barbacoa","isPartOf":{"@id":"https:\/\/mundobarbacoa.net\/#website"},"datePublished":"2025-01-15T17:32:47+00:00","dateModified":"2025-01-15T18:06:48+00:00","description":"Te proporcionamos las mejores barbacoas Weber. Bas\u00e1ndonos en opiniones de los usuarios y por ser las m\u00e1s vendidas.","breadcrumb":{"@id":"https:\/\/mundobarbacoa.net\/index.php\/barbacoas-weber-2\/#breadcrumb"},"inLanguage":"es","potentialAction":[{"@type":"ReadAction","target":["https:\/\/mundobarbacoa.net\/index.php\/barbacoas-weber-2\/"]}]},{"@type":"BreadcrumbList","@id":"https:\/\/mundobarbacoa.net\/index.php\/barbacoas-weber-2\/#breadcrumb","itemListElement":[{"@type":"ListItem","position":1,"name":"Portada","item":"https:\/\/mundobarbacoa.net\/"},{"@type":"ListItem","position":2,"name":"Barbacoas Weber"}]},{"@type":"WebSite","@id":"https:\/\/mundobarbacoa.net\/#website","url":"https:\/\/mundobarbacoa.net\/","name":"Mundo Barbacoa","description":"Analizamos los mejores modelos de barbacoas","publisher":{"@id":"https:\/\/mundobarbacoa.net\/#\/schema\/person\/9cb2ce144c9050dc9d465106c00b4b60"},"potentialAction":[{"@type":"SearchAction","target":{"@type":"EntryPoint","urlTemplate":"https:\/\/mundobarbacoa.net\/?s={search_term_string}"},"query-input":"required name=search_term_string"}],"inLanguage":"es"},{"@type":["Person","Organization"],"@id":"https:\/\/mundobarbacoa.net\/#\/schema\/person\/9cb2ce144c9050dc9d465106c00b4b60","name":"kmcerofood","logo":{"@id":"https:\/\/mundobarbacoa.net\/#\/schema\/person\/image\/"},"sameAs":["https:\/\/mundobarbacoa.net"]}]}},"_links":{"self":[{"href":"https:\/\/mundobarbacoa.net\/index.php\/wp-json\/wp\/v2\/pages\/511"}],"collection":[{"href":"https:\/\/mundobarbacoa.net\/index.php\/wp-json\/wp\/v2\/pages"}],"about":[{"href":"https:\/\/mundobarbacoa.net\/index.php\/wp-json\/wp\/v2\/types\/page"}],"author":[{"embeddable":true,"href":"https:\/\/mundobarbacoa.net\/index.php\/wp-json\/wp\/v2\/users\/1"}],"replies":[{"embeddable":true,"href":"https:\/\/mundobarbacoa.net\/index.php\/wp-json\/wp\/v2\/comments?post=511"}],"version-history":[{"count":5,"href":"https:\/\/mundobarbacoa.net\/index.php\/wp-json\/wp\/v2\/pages\/511\/revisions"}],"predecessor-version":[{"id":542,"href":"https:\/\/mundobarbacoa.net\/index.php\/wp-json\/wp\/v2\/pages\/511\/revisions\/542"}],"wp:attachment":[{"href":"https:\/\/mundobarbacoa.net\/index.php\/wp-json\/wp\/v2\/media?parent=511"}],"curies":[{"name":"wp","href":"https:\/\/api.w.org\/{rel}","templated":true}]}}