{"id":37,"date":"2024-11-13T13:38:55","date_gmt":"2024-11-13T12:38:55","guid":{"rendered":"https:\/\/mundobarbacoa.net\/?page_id=37"},"modified":"2025-01-15T12:10:24","modified_gmt":"2025-01-15T11:10:24","slug":"barbacoas-de-g","status":"publish","type":"page","link":"https:\/\/mundobarbacoa.net\/index.php\/barbacoas-de-g\/","title":{"rendered":"Barbacoas de gas"},"content":{"rendered":"\n<p class=\"has-text-align-center has-nv-dark-bg-color has-nv-c-2-background-color has-text-color has-background has-link-color has-medium-font-size wp-elements-588ba34242850ebcc5530371362d1b3a\"><strong>Te proporcionamos las mejores barbacoas de gas. Bas\u00e1ndonos en opiniones de los usuarios y por ser las m\u00e1s vendidas. <\/strong><\/p>\n\n\n\n<div class=\"wp-block-columns has-nv-site-bg-background-color has-background is-layout-flex wp-container-core-columns-layout-1 wp-block-columns-is-layout-flex\">\n<div class=\"wp-block-column is-layout-flow wp-block-column-is-layout-flow\"><div class=\"wp-block-image\">\n<figure class=\"aligncenter size-full is-resized\"><a href=\"https:\/\/amzn.to\/4gU7srQ\"><img loading=\"lazy\" decoding=\"async\" width=\"1080\" height=\"1267\" src=\"https:\/\/mundobarbacoa.net\/wp-content\/uploads\/2025\/01\/61ZUvOQcljL._AC_SL1272_.jpg\" alt=\"Char-Broil Gas2Coal\u00ae Barbacoa h\u00edbrida: barbacoa de gas y carb\u00f3n de tres quemadores, acabado en negro.\" class=\"wp-image-470\" style=\"width:257px;height:auto\" srcset=\"https:\/\/mundobarbacoa.net\/wp-content\/uploads\/2025\/01\/61ZUvOQcljL._AC_SL1272_.jpg 1080w, https:\/\/mundobarbacoa.net\/wp-content\/uploads\/2025\/01\/61ZUvOQcljL._AC_SL1272_-256x300.jpg 256w, https:\/\/mundobarbacoa.net\/wp-content\/uploads\/2025\/01\/61ZUvOQcljL._AC_SL1272_-873x1024.jpg 873w, https:\/\/mundobarbacoa.net\/wp-content\/uploads\/2025\/01\/61ZUvOQcljL._AC_SL1272_-768x901.jpg 768w\" sizes=\"(max-width: 1080px) 100vw, 1080px\" \/><\/a><\/figure><\/div>\n\n\n<p class=\"has-text-align-center has-nv-dark-bg-color has-nv-c-2-background-color has-text-color has-background has-link-color wp-elements-8e55f6222821d6b9999186aadc0e2330\"><strong>Char-Broil Gas2Coal\u00ae Barbacoa h\u00edbrida:  gas y carb\u00f3n <\/strong><\/p>\n\n\n\n<div class=\"wp-block-buttons is-content-justification-center is-layout-flex wp-container-core-buttons-layout-1 wp-block-buttons-is-layout-flex\">\n<div class=\"wp-block-button has-custom-width wp-block-button__width-100\"><a class=\"wp-block-button__link has-nv-dark-bg-color has-text-color has-background has-link-color wp-element-button\" href=\"https:\/\/amzn.to\/4gU7srQ\" style=\"background:linear-gradient(135deg,rgb(252,185,0) 100%,rgb(255,105,0) 100%)\">Ver<strong> en Amazon<\/strong><\/a><\/div>\n<\/div>\n<\/div>\n\n\n\n<div class=\"wp-block-column is-layout-flow wp-block-column-is-layout-flow\"><div class=\"wp-block-image\">\n<figure class=\"aligncenter size-full is-resized\"><a href=\"https:\/\/amzn.to\/3BYhg4X\"><img loading=\"lazy\" decoding=\"async\" width=\"905\" height=\"818\" src=\"https:\/\/mundobarbacoa.net\/wp-content\/uploads\/2025\/01\/51snc2gUdFL._AC_SL1000_.jpg\" alt=\"Weber Spirit II E-310 GBS. Barbacoa de gas, 3 quemadores, parrilla de cocci\u00f3n de 60 x 46 cm, term\u00f3metro en la tapa, estante lateral izquierdo plegable, 4 ruedas, negro\/gris.\" class=\"wp-image-471\" style=\"width:334px;height:auto\" srcset=\"https:\/\/mundobarbacoa.net\/wp-content\/uploads\/2025\/01\/51snc2gUdFL._AC_SL1000_.jpg 905w, https:\/\/mundobarbacoa.net\/wp-content\/uploads\/2025\/01\/51snc2gUdFL._AC_SL1000_-300x271.jpg 300w, https:\/\/mundobarbacoa.net\/wp-content\/uploads\/2025\/01\/51snc2gUdFL._AC_SL1000_-768x694.jpg 768w\" sizes=\"(max-width: 905px) 100vw, 905px\" \/><\/a><\/figure><\/div>\n\n\n<p class=\"has-text-align-center has-nv-dark-bg-color has-nv-c-2-background-color has-text-color has-background has-link-color wp-elements-ef896306bfab1ed32bbf1f90ba536775\"><strong>Weber Spirit II E-310 GBS &#8211; Barbacoa de gas, 3 quemadores<\/strong>.<\/p>\n\n\n\n<div class=\"wp-block-buttons is-content-justification-center is-layout-flex wp-container-core-buttons-layout-2 wp-block-buttons-is-layout-flex\">\n<div class=\"wp-block-button has-custom-width wp-block-button__width-100\"><a class=\"wp-block-button__link has-nv-dark-bg-color has-text-color has-background has-link-color wp-element-button\" href=\"https:\/\/amzn.to\/3BYhg4X\" style=\"background:linear-gradient(135deg,rgb(252,185,0) 100%,rgb(255,105,0) 100%)\">Ver<strong> en Amazon<\/strong><\/a><\/div>\n<\/div>\n<\/div>\n\n\n\n<div class=\"wp-block-column is-layout-flow wp-block-column-is-layout-flow\"><div class=\"wp-block-image\">\n<figure class=\"aligncenter size-large is-resized\"><a href=\"https:\/\/amzn.to\/4jjGHys\"><img loading=\"lazy\" decoding=\"async\" width=\"1024\" height=\"804\" src=\"https:\/\/mundobarbacoa.net\/wp-content\/uploads\/2025\/01\/61ls2vPDiEL._AC_SL1500_-1024x804.jpg\" alt=\"Campingaz Barbacoa de gas Attitude2go CV, barbacoa de mesa con poco humo, barbacoa de balc\u00f3n port\u00e1til, barbacoa de camping, con tapa, term\u00f3metro y parrilla.\" class=\"wp-image-472\" style=\"width:385px;height:auto\" srcset=\"https:\/\/mundobarbacoa.net\/wp-content\/uploads\/2025\/01\/61ls2vPDiEL._AC_SL1500_-1024x804.jpg 1024w, https:\/\/mundobarbacoa.net\/wp-content\/uploads\/2025\/01\/61ls2vPDiEL._AC_SL1500_-300x236.jpg 300w, https:\/\/mundobarbacoa.net\/wp-content\/uploads\/2025\/01\/61ls2vPDiEL._AC_SL1500_-768x603.jpg 768w, https:\/\/mundobarbacoa.net\/wp-content\/uploads\/2025\/01\/61ls2vPDiEL._AC_SL1500_.jpg 1500w\" sizes=\"(max-width: 1024px) 100vw, 1024px\" \/><\/a><\/figure><\/div>\n\n\n<p class=\"has-text-align-center has-nv-dark-bg-color has-nv-c-2-background-color has-text-color has-background has-link-color wp-elements-db97d3929819502dcf15a38ca833bb42\"><strong>Barbacoa<\/strong> <strong>port\u00e1til<\/strong> <strong>Campingaz  de gas Attitude2go con tapa<\/strong>.<\/p>\n\n\n\n<div class=\"wp-block-buttons is-content-justification-center is-layout-flex wp-container-core-buttons-layout-3 wp-block-buttons-is-layout-flex\">\n<div class=\"wp-block-button has-custom-width wp-block-button__width-100\"><a class=\"wp-block-button__link has-nv-dark-bg-color has-text-color has-background has-link-color wp-element-button\" href=\"https:\/\/amzn.to\/4jjGHys\" style=\"background:linear-gradient(135deg,rgb(252,185,0) 100%,rgb(255,105,0) 100%)\">Ver<strong> en Amazon<\/strong><\/a><\/div>\n<\/div>\n<\/div>\n<\/div>\n\n\n\n<div class=\"wp-block-columns has-nv-site-bg-background-color has-background is-layout-flex wp-container-core-columns-layout-2 wp-block-columns-is-layout-flex\">\n<div class=\"wp-block-column is-layout-flow wp-block-column-is-layout-flow\"><div class=\"wp-block-image\">\n<figure class=\"aligncenter size-full is-resized\"><a href=\"https:\/\/amzn.to\/42gsJYk\"><img loading=\"lazy\" decoding=\"async\" width=\"831\" height=\"897\" src=\"https:\/\/mundobarbacoa.net\/wp-content\/uploads\/2025\/01\/51v7vMtdioL._AC_SL1000_.jpg\" alt=\"Barbacoa CosmoGrill 6+1 Pro Gas Grill BBQ (negro con cubierta). Barbacoa de gas.\" class=\"wp-image-476\" style=\"width:286px;height:auto\" srcset=\"https:\/\/mundobarbacoa.net\/wp-content\/uploads\/2025\/01\/51v7vMtdioL._AC_SL1000_.jpg 831w, https:\/\/mundobarbacoa.net\/wp-content\/uploads\/2025\/01\/51v7vMtdioL._AC_SL1000_-278x300.jpg 278w, https:\/\/mundobarbacoa.net\/wp-content\/uploads\/2025\/01\/51v7vMtdioL._AC_SL1000_-768x829.jpg 768w\" sizes=\"(max-width: 831px) 100vw, 831px\" \/><\/a><\/figure><\/div>\n\n\n<p class=\"has-text-align-center has-nv-dark-bg-color has-nv-c-2-background-color has-text-color has-background has-link-color wp-elements-93ab6e383294b80ea87970953165d1f5\"><strong>Barbacoa CosmoGrill 6+1 Pro Gas Grill BBQ (negro con cubierta)<\/strong><\/p>\n\n\n\n<div class=\"wp-block-buttons is-content-justification-center is-layout-flex wp-container-core-buttons-layout-4 wp-block-buttons-is-layout-flex\">\n<div class=\"wp-block-button has-custom-width wp-block-button__width-100\"><a class=\"wp-block-button__link has-nv-dark-bg-color has-text-color has-background has-link-color wp-element-button\" href=\"https:\/\/amzn.to\/42gsJYk\" style=\"background:linear-gradient(135deg,rgb(252,185,0) 100%,rgb(255,105,0) 100%)\">Ver<strong> en Amazon<\/strong><\/a><\/div>\n<\/div>\n<\/div>\n\n\n\n<div class=\"wp-block-column is-layout-flow wp-block-column-is-layout-flow\"><div class=\"wp-block-image\">\n<figure class=\"aligncenter size-full is-resized\"><a href=\"https:\/\/amzn.to\/4ai4WJf\"><img loading=\"lazy\" decoding=\"async\" width=\"948\" height=\"810\" src=\"https:\/\/mundobarbacoa.net\/wp-content\/uploads\/2025\/01\/61mnKkzDvZL._AC_SL1000_.jpg\" alt=\"Campingaz Adelaide 3 Woody DualGas 14000 W - Barbacoa (14000 W, Barbacoa, Gas, 14000 W, 830 g\/h, 830 g\/h). Barbacoa de gas.\" class=\"wp-image-477\" style=\"width:364px;height:auto\" srcset=\"https:\/\/mundobarbacoa.net\/wp-content\/uploads\/2025\/01\/61mnKkzDvZL._AC_SL1000_.jpg 948w, https:\/\/mundobarbacoa.net\/wp-content\/uploads\/2025\/01\/61mnKkzDvZL._AC_SL1000_-300x256.jpg 300w, https:\/\/mundobarbacoa.net\/wp-content\/uploads\/2025\/01\/61mnKkzDvZL._AC_SL1000_-768x656.jpg 768w\" sizes=\"(max-width: 948px) 100vw, 948px\" \/><\/a><\/figure><\/div>\n\n\n<p class=\"has-text-align-center has-nv-dark-bg-color has-nv-c-2-background-color has-text-color has-background has-link-color wp-elements-ebbdc0096371e0f0b4045601bb6caa9c\"><strong>Campingaz Adelaide 3 Woody DualGas. Barbacoa de gas 830 g\/h<\/strong>.<\/p>\n\n\n\n<div class=\"wp-block-buttons is-content-justification-center is-layout-flex wp-container-core-buttons-layout-5 wp-block-buttons-is-layout-flex\">\n<div class=\"wp-block-button has-custom-width wp-block-button__width-100\"><a class=\"wp-block-button__link has-nv-dark-bg-color has-text-color has-background has-link-color wp-element-button\" href=\"https:\/\/amzn.to\/4ai4WJf\" style=\"background:linear-gradient(135deg,rgb(252,185,0) 100%,rgb(255,105,0) 100%)\">Ver<strong> en Amazon<\/strong><\/a><\/div>\n<\/div>\n<\/div>\n\n\n\n<div class=\"wp-block-column is-layout-flow wp-block-column-is-layout-flow\"><div class=\"wp-block-image\">\n<figure class=\"aligncenter size-large is-resized\"><a href=\"https:\/\/amzn.to\/3PyHuOz\"><img loading=\"lazy\" decoding=\"async\" width=\"888\" height=\"1024\" src=\"https:\/\/mundobarbacoa.net\/wp-content\/uploads\/2025\/01\/71VQsF8MtNL._AC_SL1500_-888x1024.jpg\" alt=\"800 \u00b0 de alto rendimiento Barbacoa de gas con parrilla. Gastro Carcasa\" class=\"wp-image-478\" style=\"width:271px;height:auto\" srcset=\"https:\/\/mundobarbacoa.net\/wp-content\/uploads\/2025\/01\/71VQsF8MtNL._AC_SL1500_-888x1024.jpg 888w, https:\/\/mundobarbacoa.net\/wp-content\/uploads\/2025\/01\/71VQsF8MtNL._AC_SL1500_-260x300.jpg 260w, https:\/\/mundobarbacoa.net\/wp-content\/uploads\/2025\/01\/71VQsF8MtNL._AC_SL1500_-768x885.jpg 768w, https:\/\/mundobarbacoa.net\/wp-content\/uploads\/2025\/01\/71VQsF8MtNL._AC_SL1500_.jpg 1301w\" sizes=\"(max-width: 888px) 100vw, 888px\" \/><\/a><\/figure><\/div>\n\n\n<p class=\"has-text-align-center has-nv-dark-bg-color has-nv-c-2-background-color has-text-color has-background has-link-color wp-elements-61c502eb9396d7294435fec54774f206\"><strong> Barbacoa de gas con parrilla Gastro Carcasa<\/strong>.<strong> 800 \u00b0 de alto rendimiento<\/strong><\/p>\n\n\n\n<div class=\"wp-block-buttons is-content-justification-center is-layout-flex wp-container-core-buttons-layout-6 wp-block-buttons-is-layout-flex\">\n<div class=\"wp-block-button has-custom-width wp-block-button__width-100\"><a class=\"wp-block-button__link has-nv-dark-bg-color has-text-color has-background has-link-color wp-element-button\" href=\"https:\/\/amzn.to\/3PyHuOz\" style=\"background:linear-gradient(135deg,rgb(252,185,0) 100%,rgb(255,105,0) 100%)\">Ver<strong> en Amazon<\/strong><\/a><\/div>\n<\/div>\n<\/div>\n<\/div>\n","protected":false},"excerpt":{"rendered":"<p>Te proporcionamos las mejores barbacoas de gas. Bas\u00e1ndonos en opiniones de los usuarios y por ser las m\u00e1s vendidas. Char-Broil Gas2Coal\u00ae Barbacoa h\u00edbrida: gas y carb\u00f3n Weber Spirit II E-310 GBS &#8211; Barbacoa de gas, 3 quemadores. Barbacoa port\u00e1til Campingaz de gas Attitude2go con tapa. Barbacoa CosmoGrill 6+1 Pro Gas Grill BBQ (negro con cubierta)&hellip;&nbsp;<a href=\"https:\/\/mundobarbacoa.net\/index.php\/barbacoas-de-g\/\" rel=\"bookmark\">Leer m\u00e1s &raquo;<span class=\"screen-reader-text\">Barbacoas de gas<\/span><\/a><\/p>\n","protected":false},"author":1,"featured_media":0,"parent":0,"menu_order":0,"comment_status":"closed","ping_status":"closed","template":"","meta":{"neve_meta_sidebar":"","neve_meta_container":"","neve_meta_enable_content_width":"","neve_meta_content_width":0,"neve_meta_title_alignment":"","neve_meta_author_avatar":"","neve_post_elements_order":"","neve_meta_disable_header":"","neve_meta_disable_footer":"","neve_meta_disable_title":"","footnotes":""},"yoast_head":"<!-- This site is optimized with the Yoast SEO plugin v21.5 - https:\/\/yoast.com\/wordpress\/plugins\/seo\/ -->\n<title>Barbacoas de gas - Mundo Barbacoa<\/title>\n<meta name=\"description\" content=\"Te proporcionamos las mejores barbacoas de gas. Bas\u00e1ndonos en opiniones de los usuarios y por ser las m\u00e1s vendidas.\" \/>\n<meta name=\"robots\" content=\"index, follow, max-snippet:-1, max-image-preview:large, max-video-preview:-1\" \/>\n<link rel=\"canonical\" href=\"https:\/\/mundobarbacoa.net\/index.php\/barbacoas-de-g\/\" \/>\n<meta property=\"og:locale\" content=\"es_ES\" \/>\n<meta property=\"og:type\" content=\"article\" \/>\n<meta property=\"og:title\" content=\"Barbacoas de gas - Mundo Barbacoa\" \/>\n<meta property=\"og:description\" content=\"Te proporcionamos las mejores barbacoas de gas. Bas\u00e1ndonos en opiniones de los usuarios y por ser las m\u00e1s vendidas.\" \/>\n<meta property=\"og:url\" content=\"https:\/\/mundobarbacoa.net\/index.php\/barbacoas-de-g\/\" \/>\n<meta property=\"og:site_name\" content=\"Mundo Barbacoa\" \/>\n<meta property=\"article:modified_time\" content=\"2025-01-15T11:10:24+00:00\" \/>\n<meta property=\"og:image\" content=\"https:\/\/mundobarbacoa.net\/wp-content\/uploads\/2025\/01\/61ZUvOQcljL._AC_SL1272_.jpg\" \/>\n<meta name=\"twitter:card\" content=\"summary_large_image\" \/>\n<meta name=\"twitter:label1\" content=\"Tiempo de lectura\" \/>\n\t<meta name=\"twitter:data1\" content=\"2 minutos\" \/>\n<script type=\"application\/ld+json\" class=\"yoast-schema-graph\">{\"@context\":\"https:\/\/schema.org\",\"@graph\":[{\"@type\":\"WebPage\",\"@id\":\"https:\/\/mundobarbacoa.net\/index.php\/barbacoas-de-g\/\",\"url\":\"https:\/\/mundobarbacoa.net\/index.php\/barbacoas-de-g\/\",\"name\":\"Barbacoas de gas - Mundo Barbacoa\",\"isPartOf\":{\"@id\":\"https:\/\/mundobarbacoa.net\/#website\"},\"datePublished\":\"2024-11-13T12:38:55+00:00\",\"dateModified\":\"2025-01-15T11:10:24+00:00\",\"description\":\"Te proporcionamos las mejores barbacoas de gas. Bas\u00e1ndonos en opiniones de los usuarios y por ser las m\u00e1s vendidas.\",\"breadcrumb\":{\"@id\":\"https:\/\/mundobarbacoa.net\/index.php\/barbacoas-de-g\/#breadcrumb\"},\"inLanguage\":\"es\",\"potentialAction\":[{\"@type\":\"ReadAction\",\"target\":[\"https:\/\/mundobarbacoa.net\/index.php\/barbacoas-de-g\/\"]}]},{\"@type\":\"BreadcrumbList\",\"@id\":\"https:\/\/mundobarbacoa.net\/index.php\/barbacoas-de-g\/#breadcrumb\",\"itemListElement\":[{\"@type\":\"ListItem\",\"position\":1,\"name\":\"Portada\",\"item\":\"https:\/\/mundobarbacoa.net\/\"},{\"@type\":\"ListItem\",\"position\":2,\"name\":\"Barbacoas de gas\"}]},{\"@type\":\"WebSite\",\"@id\":\"https:\/\/mundobarbacoa.net\/#website\",\"url\":\"https:\/\/mundobarbacoa.net\/\",\"name\":\"Mundo Barbacoa\",\"description\":\"Analizamos los mejores modelos de barbacoas\",\"publisher\":{\"@id\":\"https:\/\/mundobarbacoa.net\/#\/schema\/person\/9cb2ce144c9050dc9d465106c00b4b60\"},\"potentialAction\":[{\"@type\":\"SearchAction\",\"target\":{\"@type\":\"EntryPoint\",\"urlTemplate\":\"https:\/\/mundobarbacoa.net\/?s={search_term_string}\"},\"query-input\":\"required name=search_term_string\"}],\"inLanguage\":\"es\"},{\"@type\":[\"Person\",\"Organization\"],\"@id\":\"https:\/\/mundobarbacoa.net\/#\/schema\/person\/9cb2ce144c9050dc9d465106c00b4b60\",\"name\":\"kmcerofood\",\"logo\":{\"@id\":\"https:\/\/mundobarbacoa.net\/#\/schema\/person\/image\/\"},\"sameAs\":[\"https:\/\/mundobarbacoa.net\"]}]}<\/script>\n<!-- \/ Yoast SEO plugin. -->","yoast_head_json":{"title":"Barbacoas de gas - Mundo Barbacoa","description":"Te proporcionamos las mejores barbacoas de gas. Bas\u00e1ndonos en opiniones de los usuarios y por ser las m\u00e1s vendidas.","robots":{"index":"index","follow":"follow","max-snippet":"max-snippet:-1","max-image-preview":"max-image-preview:large","max-video-preview":"max-video-preview:-1"},"canonical":"https:\/\/mundobarbacoa.net\/index.php\/barbacoas-de-g\/","og_locale":"es_ES","og_type":"article","og_title":"Barbacoas de gas - Mundo Barbacoa","og_description":"Te proporcionamos las mejores barbacoas de gas. Bas\u00e1ndonos en opiniones de los usuarios y por ser las m\u00e1s vendidas.","og_url":"https:\/\/mundobarbacoa.net\/index.php\/barbacoas-de-g\/","og_site_name":"Mundo Barbacoa","article_modified_time":"2025-01-15T11:10:24+00:00","og_image":[{"url":"https:\/\/mundobarbacoa.net\/wp-content\/uploads\/2025\/01\/61ZUvOQcljL._AC_SL1272_.jpg"}],"twitter_card":"summary_large_image","twitter_misc":{"Tiempo de lectura":"2 minutos"},"schema":{"@context":"https:\/\/schema.org","@graph":[{"@type":"WebPage","@id":"https:\/\/mundobarbacoa.net\/index.php\/barbacoas-de-g\/","url":"https:\/\/mundobarbacoa.net\/index.php\/barbacoas-de-g\/","name":"Barbacoas de gas - Mundo Barbacoa","isPartOf":{"@id":"https:\/\/mundobarbacoa.net\/#website"},"datePublished":"2024-11-13T12:38:55+00:00","dateModified":"2025-01-15T11:10:24+00:00","description":"Te proporcionamos las mejores barbacoas de gas. Bas\u00e1ndonos en opiniones de los usuarios y por ser las m\u00e1s vendidas.","breadcrumb":{"@id":"https:\/\/mundobarbacoa.net\/index.php\/barbacoas-de-g\/#breadcrumb"},"inLanguage":"es","potentialAction":[{"@type":"ReadAction","target":["https:\/\/mundobarbacoa.net\/index.php\/barbacoas-de-g\/"]}]},{"@type":"BreadcrumbList","@id":"https:\/\/mundobarbacoa.net\/index.php\/barbacoas-de-g\/#breadcrumb","itemListElement":[{"@type":"ListItem","position":1,"name":"Portada","item":"https:\/\/mundobarbacoa.net\/"},{"@type":"ListItem","position":2,"name":"Barbacoas de gas"}]},{"@type":"WebSite","@id":"https:\/\/mundobarbacoa.net\/#website","url":"https:\/\/mundobarbacoa.net\/","name":"Mundo Barbacoa","description":"Analizamos los mejores modelos de barbacoas","publisher":{"@id":"https:\/\/mundobarbacoa.net\/#\/schema\/person\/9cb2ce144c9050dc9d465106c00b4b60"},"potentialAction":[{"@type":"SearchAction","target":{"@type":"EntryPoint","urlTemplate":"https:\/\/mundobarbacoa.net\/?s={search_term_string}"},"query-input":"required name=search_term_string"}],"inLanguage":"es"},{"@type":["Person","Organization"],"@id":"https:\/\/mundobarbacoa.net\/#\/schema\/person\/9cb2ce144c9050dc9d465106c00b4b60","name":"kmcerofood","logo":{"@id":"https:\/\/mundobarbacoa.net\/#\/schema\/person\/image\/"},"sameAs":["https:\/\/mundobarbacoa.net"]}]}},"_links":{"self":[{"href":"https:\/\/mundobarbacoa.net\/index.php\/wp-json\/wp\/v2\/pages\/37"}],"collection":[{"href":"https:\/\/mundobarbacoa.net\/index.php\/wp-json\/wp\/v2\/pages"}],"about":[{"href":"https:\/\/mundobarbacoa.net\/index.php\/wp-json\/wp\/v2\/types\/page"}],"author":[{"embeddable":true,"href":"https:\/\/mundobarbacoa.net\/index.php\/wp-json\/wp\/v2\/users\/1"}],"replies":[{"embeddable":true,"href":"https:\/\/mundobarbacoa.net\/index.php\/wp-json\/wp\/v2\/comments?post=37"}],"version-history":[{"count":65,"href":"https:\/\/mundobarbacoa.net\/index.php\/wp-json\/wp\/v2\/pages\/37\/revisions"}],"predecessor-version":[{"id":479,"href":"https:\/\/mundobarbacoa.net\/index.php\/wp-json\/wp\/v2\/pages\/37\/revisions\/479"}],"wp:attachment":[{"href":"https:\/\/mundobarbacoa.net\/index.php\/wp-json\/wp\/v2\/media?parent=37"}],"curies":[{"name":"wp","href":"https:\/\/api.w.org\/{rel}","templated":true}]}}