{"id":33,"date":"2024-11-13T13:38:55","date_gmt":"2024-11-13T12:38:55","guid":{"rendered":"https:\/\/mundobarbacoa.net\/?page_id=33"},"modified":"2025-01-15T11:39:32","modified_gmt":"2025-01-15T10:39:32","slug":"barbacoas-de-carbon","status":"publish","type":"page","link":"https:\/\/mundobarbacoa.net\/index.php\/barbacoas-de-carbon\/","title":{"rendered":"Barbacoas de carb\u00f3n"},"content":{"rendered":"\n<p class=\"has-text-align-center has-nv-dark-bg-color has-nv-c-2-background-color has-text-color has-background has-link-color has-medium-font-size wp-elements-2121cf5c63926ca8ba19d57bcc7874b4\"><strong>Te proporcionamos las mejores barbacoas de carb\u00f3n. Bas\u00e1ndonos en opiniones de los usuarios y por ser las m\u00e1s vendidas. <\/strong><\/p>\n\n\n\n<p><\/p>\n\n\n\n<div class=\"wp-block-columns has-nv-site-bg-background-color has-background is-layout-flex wp-container-core-columns-layout-1 wp-block-columns-is-layout-flex\">\n<div class=\"wp-block-column is-layout-flow wp-block-column-is-layout-flow\">\n<figure class=\"wp-block-image size-full is-resized\"><a href=\"https:\/\/amzn.to\/3PQ3hl3\"><img loading=\"lazy\" decoding=\"async\" width=\"320\" height=\"318\" src=\"https:\/\/mundobarbacoa.net\/wp-content\/uploads\/2025\/01\/KESSER\u00ae-Parilla-de-Carbon-con-Carrito-Grill-con-Tapa-Ruedas-Mango-de-Acero-Inoxidable-Barbacoa-y-Termometro-Carbon-Grande-1.jpg\" alt=\"KESSER\u00ae Parrilla de carb\u00f3n con carrito grill con tapa, ruedas, mango de acero inoxidable. Barbacoa y term\u00f3metro de carb\u00f3n grande\" class=\"wp-image-448\" style=\"width:344px;height:auto\" srcset=\"https:\/\/mundobarbacoa.net\/wp-content\/uploads\/2025\/01\/KESSER\u00ae-Parilla-de-Carbon-con-Carrito-Grill-con-Tapa-Ruedas-Mango-de-Acero-Inoxidable-Barbacoa-y-Termometro-Carbon-Grande-1.jpg 320w, https:\/\/mundobarbacoa.net\/wp-content\/uploads\/2025\/01\/KESSER\u00ae-Parilla-de-Carbon-con-Carrito-Grill-con-Tapa-Ruedas-Mango-de-Acero-Inoxidable-Barbacoa-y-Termometro-Carbon-Grande-1-300x298.jpg 300w, https:\/\/mundobarbacoa.net\/wp-content\/uploads\/2025\/01\/KESSER\u00ae-Parilla-de-Carbon-con-Carrito-Grill-con-Tapa-Ruedas-Mango-de-Acero-Inoxidable-Barbacoa-y-Termometro-Carbon-Grande-1-150x150.jpg 150w\" sizes=\"(max-width: 320px) 100vw, 320px\" \/><\/a><\/figure>\n\n\n\n<p class=\"has-text-align-center has-nv-dark-bg-color has-nv-c-2-background-color has-text-color has-background has-link-color wp-elements-65b1e804b861b475b8d05573a19abd01\"><strong>KESSER\u00ae Parrilla de carb\u00f3n con carrito grill con tapa, y term\u00f3metro <\/strong><\/p>\n\n\n\n<div class=\"wp-block-buttons is-content-justification-center is-layout-flex wp-container-core-buttons-layout-1 wp-block-buttons-is-layout-flex\">\n<div class=\"wp-block-button has-custom-width wp-block-button__width-100\"><a class=\"wp-block-button__link has-nv-dark-bg-color has-text-color has-background has-link-color wp-element-button\" href=\"https:\/\/amzn.to\/3PQ3hl3\" style=\"background:linear-gradient(135deg,rgb(252,185,0) 100%,rgb(255,105,0) 100%)\">Ver<strong> en Amazon<\/strong><\/a><\/div>\n<\/div>\n<\/div>\n\n\n\n<div class=\"wp-block-column is-layout-flow wp-block-column-is-layout-flow\"><div class=\"wp-block-image\">\n<figure class=\"aligncenter size-full is-resized\"><a href=\"https:\/\/amzn.to\/3DIvvuX\"><img loading=\"lazy\" decoding=\"async\" width=\"827\" height=\"1057\" src=\"https:\/\/mundobarbacoa.net\/wp-content\/uploads\/2025\/01\/LOLAhome-Barbacoa-de-carbon-Milena-con-Parrilla-de-Acero-Negra-de-57x38x80-cm.jpg\" alt=\"LOLAhome Barbacoa de carb\u00f3n Milena con Parrilla de Acero Negra de 57x38x80 cm\" class=\"wp-image-444\" style=\"width:268px;height:auto\" srcset=\"https:\/\/mundobarbacoa.net\/wp-content\/uploads\/2025\/01\/LOLAhome-Barbacoa-de-carbon-Milena-con-Parrilla-de-Acero-Negra-de-57x38x80-cm.jpg 827w, https:\/\/mundobarbacoa.net\/wp-content\/uploads\/2025\/01\/LOLAhome-Barbacoa-de-carbon-Milena-con-Parrilla-de-Acero-Negra-de-57x38x80-cm-235x300.jpg 235w, https:\/\/mundobarbacoa.net\/wp-content\/uploads\/2025\/01\/LOLAhome-Barbacoa-de-carbon-Milena-con-Parrilla-de-Acero-Negra-de-57x38x80-cm-801x1024.jpg 801w, https:\/\/mundobarbacoa.net\/wp-content\/uploads\/2025\/01\/LOLAhome-Barbacoa-de-carbon-Milena-con-Parrilla-de-Acero-Negra-de-57x38x80-cm-768x982.jpg 768w\" sizes=\"(max-width: 827px) 100vw, 827px\" \/><\/a><\/figure><\/div>\n\n\n<p class=\"has-text-align-center has-nv-dark-bg-color has-nv-c-2-background-color has-text-color has-background has-link-color wp-elements-ed756bdb8a3624f713d9cb48495aa35e\"><strong>LOLAhome Barbacoa de carb\u00f3n Milena con Parrilla  57x38x80<\/strong><\/p>\n\n\n\n<div class=\"wp-block-buttons is-content-justification-center is-layout-flex wp-container-core-buttons-layout-2 wp-block-buttons-is-layout-flex\">\n<div class=\"wp-block-button has-custom-width wp-block-button__width-100\"><a class=\"wp-block-button__link has-nv-dark-bg-color has-text-color has-background has-link-color wp-element-button\" href=\"https:\/\/amzn.to\/3DIvvuX\" style=\"background:linear-gradient(135deg,rgb(252,185,0) 100%,rgb(255,105,0) 100%)\">Ver<strong> en Amazon<\/strong><\/a><\/div>\n<\/div>\n<\/div>\n\n\n\n<div class=\"wp-block-column is-layout-flow wp-block-column-is-layout-flow\"><div class=\"wp-block-image\">\n<figure class=\"aligncenter size-large is-resized\"><a href=\"https:\/\/amzn.to\/3DLPvgv\"><img loading=\"lazy\" decoding=\"async\" width=\"650\" height=\"1024\" src=\"https:\/\/mundobarbacoa.net\/wp-content\/uploads\/2025\/01\/Weber-Compact-Kettle-Barbacoa-de-Carbon-47-cm--650x1024.jpg\" alt=\"Weber Compact Kettle barbacoa de carb\u00f3n 47 cm\" class=\"wp-image-445\" style=\"width:217px;height:auto\" srcset=\"https:\/\/mundobarbacoa.net\/wp-content\/uploads\/2025\/01\/Weber-Compact-Kettle-Barbacoa-de-Carbon-47-cm--650x1024.jpg 650w, https:\/\/mundobarbacoa.net\/wp-content\/uploads\/2025\/01\/Weber-Compact-Kettle-Barbacoa-de-Carbon-47-cm--190x300.jpg 190w, https:\/\/mundobarbacoa.net\/wp-content\/uploads\/2025\/01\/Weber-Compact-Kettle-Barbacoa-de-Carbon-47-cm--768x1210.jpg 768w, https:\/\/mundobarbacoa.net\/wp-content\/uploads\/2025\/01\/Weber-Compact-Kettle-Barbacoa-de-Carbon-47-cm-.jpg 952w\" sizes=\"(max-width: 650px) 100vw, 650px\" \/><\/a><\/figure><\/div>\n\n\n<p class=\"has-text-align-center has-nv-dark-bg-color has-nv-c-2-background-color has-text-color has-background has-link-color wp-elements-f893069870758c6fcf47ce10535df732\"><strong>Weber Compact Kettle barbacoa de carb\u00f3n 47 cm<\/strong><\/p>\n\n\n\n<div class=\"wp-block-buttons is-content-justification-center is-layout-flex wp-container-core-buttons-layout-3 wp-block-buttons-is-layout-flex\">\n<div class=\"wp-block-button has-custom-width wp-block-button__width-100\"><a class=\"wp-block-button__link has-nv-dark-bg-color has-text-color has-background has-link-color wp-element-button\" href=\"https:\/\/amzn.to\/3DLPvgv\" style=\"background:linear-gradient(135deg,rgb(252,185,0) 100%,rgb(255,105,0) 100%)\">Ver<strong> en Amazon<\/strong><\/a><\/div>\n<\/div>\n<\/div>\n<\/div>\n\n\n","protected":false},"excerpt":{"rendered":"<p>Te proporcionamos las mejores barbacoas de carb\u00f3n. Bas\u00e1ndonos en opiniones de los usuarios y por ser las m\u00e1s vendidas. KESSER\u00ae Parrilla de carb\u00f3n con carrito grill con tapa, y term\u00f3metro LOLAhome Barbacoa de carb\u00f3n Milena con Parrilla 57x38x80 Weber Compact Kettle barbacoa de carb\u00f3n 47 cm<\/p>\n","protected":false},"author":1,"featured_media":0,"parent":0,"menu_order":0,"comment_status":"closed","ping_status":"closed","template":"","meta":{"neve_meta_sidebar":"","neve_meta_container":"","neve_meta_enable_content_width":"","neve_meta_content_width":0,"neve_meta_title_alignment":"","neve_meta_author_avatar":"","neve_post_elements_order":"","neve_meta_disable_header":"","neve_meta_disable_footer":"","neve_meta_disable_title":"","footnotes":""},"yoast_head":"<!-- This site is optimized with the Yoast SEO plugin v21.5 - https:\/\/yoast.com\/wordpress\/plugins\/seo\/ -->\n<title>Barbacoas de carb\u00f3n - Mundo Barbacoa<\/title>\n<meta name=\"description\" content=\"Te proporcionamos las mejores barbacoas de carb\u00f3n. Bas\u00e1ndonos en opiniones de los usuarios y por ser las m\u00e1s vendidas.\" \/>\n<meta name=\"robots\" content=\"index, follow, max-snippet:-1, max-image-preview:large, max-video-preview:-1\" \/>\n<link rel=\"canonical\" href=\"https:\/\/mundobarbacoa.net\/index.php\/barbacoas-de-carbon\/\" \/>\n<meta property=\"og:locale\" content=\"es_ES\" \/>\n<meta property=\"og:type\" content=\"article\" \/>\n<meta property=\"og:title\" content=\"Barbacoas de carb\u00f3n - Mundo Barbacoa\" \/>\n<meta property=\"og:description\" content=\"Te proporcionamos las mejores barbacoas de carb\u00f3n. Bas\u00e1ndonos en opiniones de los usuarios y por ser las m\u00e1s vendidas.\" \/>\n<meta property=\"og:url\" content=\"https:\/\/mundobarbacoa.net\/index.php\/barbacoas-de-carbon\/\" \/>\n<meta property=\"og:site_name\" content=\"Mundo Barbacoa\" \/>\n<meta property=\"article:modified_time\" content=\"2025-01-15T10:39:32+00:00\" \/>\n<meta property=\"og:image\" content=\"https:\/\/mundobarbacoa.net\/wp-content\/uploads\/2025\/01\/LOLAhome-Barbacoa-de-carbon-Milena-con-Parrilla-de-Acero-Negra-de-57x38x80-cm.jpg\" \/>\n<meta name=\"twitter:card\" content=\"summary_large_image\" \/>\n<meta name=\"twitter:label1\" content=\"Tiempo de lectura\" \/>\n\t<meta name=\"twitter:data1\" content=\"1 minuto\" \/>\n<script type=\"application\/ld+json\" class=\"yoast-schema-graph\">{\"@context\":\"https:\/\/schema.org\",\"@graph\":[{\"@type\":\"WebPage\",\"@id\":\"https:\/\/mundobarbacoa.net\/index.php\/barbacoas-de-carbon\/\",\"url\":\"https:\/\/mundobarbacoa.net\/index.php\/barbacoas-de-carbon\/\",\"name\":\"Barbacoas de carb\u00f3n - Mundo Barbacoa\",\"isPartOf\":{\"@id\":\"https:\/\/mundobarbacoa.net\/#website\"},\"datePublished\":\"2024-11-13T12:38:55+00:00\",\"dateModified\":\"2025-01-15T10:39:32+00:00\",\"description\":\"Te proporcionamos las mejores barbacoas de carb\u00f3n. Bas\u00e1ndonos en opiniones de los usuarios y por ser las m\u00e1s vendidas.\",\"breadcrumb\":{\"@id\":\"https:\/\/mundobarbacoa.net\/index.php\/barbacoas-de-carbon\/#breadcrumb\"},\"inLanguage\":\"es\",\"potentialAction\":[{\"@type\":\"ReadAction\",\"target\":[\"https:\/\/mundobarbacoa.net\/index.php\/barbacoas-de-carbon\/\"]}]},{\"@type\":\"BreadcrumbList\",\"@id\":\"https:\/\/mundobarbacoa.net\/index.php\/barbacoas-de-carbon\/#breadcrumb\",\"itemListElement\":[{\"@type\":\"ListItem\",\"position\":1,\"name\":\"Portada\",\"item\":\"https:\/\/mundobarbacoa.net\/\"},{\"@type\":\"ListItem\",\"position\":2,\"name\":\"Barbacoas de carb\u00f3n\"}]},{\"@type\":\"WebSite\",\"@id\":\"https:\/\/mundobarbacoa.net\/#website\",\"url\":\"https:\/\/mundobarbacoa.net\/\",\"name\":\"Mundo Barbacoa\",\"description\":\"Analizamos los mejores modelos de barbacoas\",\"publisher\":{\"@id\":\"https:\/\/mundobarbacoa.net\/#\/schema\/person\/9cb2ce144c9050dc9d465106c00b4b60\"},\"potentialAction\":[{\"@type\":\"SearchAction\",\"target\":{\"@type\":\"EntryPoint\",\"urlTemplate\":\"https:\/\/mundobarbacoa.net\/?s={search_term_string}\"},\"query-input\":\"required name=search_term_string\"}],\"inLanguage\":\"es\"},{\"@type\":[\"Person\",\"Organization\"],\"@id\":\"https:\/\/mundobarbacoa.net\/#\/schema\/person\/9cb2ce144c9050dc9d465106c00b4b60\",\"name\":\"kmcerofood\",\"logo\":{\"@id\":\"https:\/\/mundobarbacoa.net\/#\/schema\/person\/image\/\"},\"sameAs\":[\"https:\/\/mundobarbacoa.net\"]}]}<\/script>\n<!-- \/ Yoast SEO plugin. -->","yoast_head_json":{"title":"Barbacoas de carb\u00f3n - Mundo Barbacoa","description":"Te proporcionamos las mejores barbacoas de carb\u00f3n. Bas\u00e1ndonos en opiniones de los usuarios y por ser las m\u00e1s vendidas.","robots":{"index":"index","follow":"follow","max-snippet":"max-snippet:-1","max-image-preview":"max-image-preview:large","max-video-preview":"max-video-preview:-1"},"canonical":"https:\/\/mundobarbacoa.net\/index.php\/barbacoas-de-carbon\/","og_locale":"es_ES","og_type":"article","og_title":"Barbacoas de carb\u00f3n - Mundo Barbacoa","og_description":"Te proporcionamos las mejores barbacoas de carb\u00f3n. Bas\u00e1ndonos en opiniones de los usuarios y por ser las m\u00e1s vendidas.","og_url":"https:\/\/mundobarbacoa.net\/index.php\/barbacoas-de-carbon\/","og_site_name":"Mundo Barbacoa","article_modified_time":"2025-01-15T10:39:32+00:00","og_image":[{"url":"https:\/\/mundobarbacoa.net\/wp-content\/uploads\/2025\/01\/LOLAhome-Barbacoa-de-carbon-Milena-con-Parrilla-de-Acero-Negra-de-57x38x80-cm.jpg"}],"twitter_card":"summary_large_image","twitter_misc":{"Tiempo de lectura":"1 minuto"},"schema":{"@context":"https:\/\/schema.org","@graph":[{"@type":"WebPage","@id":"https:\/\/mundobarbacoa.net\/index.php\/barbacoas-de-carbon\/","url":"https:\/\/mundobarbacoa.net\/index.php\/barbacoas-de-carbon\/","name":"Barbacoas de carb\u00f3n - Mundo Barbacoa","isPartOf":{"@id":"https:\/\/mundobarbacoa.net\/#website"},"datePublished":"2024-11-13T12:38:55+00:00","dateModified":"2025-01-15T10:39:32+00:00","description":"Te proporcionamos las mejores barbacoas de carb\u00f3n. Bas\u00e1ndonos en opiniones de los usuarios y por ser las m\u00e1s vendidas.","breadcrumb":{"@id":"https:\/\/mundobarbacoa.net\/index.php\/barbacoas-de-carbon\/#breadcrumb"},"inLanguage":"es","potentialAction":[{"@type":"ReadAction","target":["https:\/\/mundobarbacoa.net\/index.php\/barbacoas-de-carbon\/"]}]},{"@type":"BreadcrumbList","@id":"https:\/\/mundobarbacoa.net\/index.php\/barbacoas-de-carbon\/#breadcrumb","itemListElement":[{"@type":"ListItem","position":1,"name":"Portada","item":"https:\/\/mundobarbacoa.net\/"},{"@type":"ListItem","position":2,"name":"Barbacoas de carb\u00f3n"}]},{"@type":"WebSite","@id":"https:\/\/mundobarbacoa.net\/#website","url":"https:\/\/mundobarbacoa.net\/","name":"Mundo Barbacoa","description":"Analizamos los mejores modelos de barbacoas","publisher":{"@id":"https:\/\/mundobarbacoa.net\/#\/schema\/person\/9cb2ce144c9050dc9d465106c00b4b60"},"potentialAction":[{"@type":"SearchAction","target":{"@type":"EntryPoint","urlTemplate":"https:\/\/mundobarbacoa.net\/?s={search_term_string}"},"query-input":"required name=search_term_string"}],"inLanguage":"es"},{"@type":["Person","Organization"],"@id":"https:\/\/mundobarbacoa.net\/#\/schema\/person\/9cb2ce144c9050dc9d465106c00b4b60","name":"kmcerofood","logo":{"@id":"https:\/\/mundobarbacoa.net\/#\/schema\/person\/image\/"},"sameAs":["https:\/\/mundobarbacoa.net"]}]}},"_links":{"self":[{"href":"https:\/\/mundobarbacoa.net\/index.php\/wp-json\/wp\/v2\/pages\/33"}],"collection":[{"href":"https:\/\/mundobarbacoa.net\/index.php\/wp-json\/wp\/v2\/pages"}],"about":[{"href":"https:\/\/mundobarbacoa.net\/index.php\/wp-json\/wp\/v2\/types\/page"}],"author":[{"embeddable":true,"href":"https:\/\/mundobarbacoa.net\/index.php\/wp-json\/wp\/v2\/users\/1"}],"replies":[{"embeddable":true,"href":"https:\/\/mundobarbacoa.net\/index.php\/wp-json\/wp\/v2\/comments?post=33"}],"version-history":[{"count":4,"href":"https:\/\/mundobarbacoa.net\/index.php\/wp-json\/wp\/v2\/pages\/33\/revisions"}],"predecessor-version":[{"id":453,"href":"https:\/\/mundobarbacoa.net\/index.php\/wp-json\/wp\/v2\/pages\/33\/revisions\/453"}],"wp:attachment":[{"href":"https:\/\/mundobarbacoa.net\/index.php\/wp-json\/wp\/v2\/media?parent=33"}],"curies":[{"name":"wp","href":"https:\/\/api.w.org\/{rel}","templated":true}]}}