{"id":327,"date":"2024-11-20T11:08:59","date_gmt":"2024-11-20T10:08:59","guid":{"rendered":"https:\/\/mundobarbacoa.net\/?page_id=327"},"modified":"2024-11-20T11:08:59","modified_gmt":"2024-11-20T10:08:59","slug":"politica-de-privacidad","status":"publish","type":"page","link":"https:\/\/mundobarbacoa.net\/index.php\/politica-de-privacidad\/","title":{"rendered":"Pol\u00edtica de Privacidad"},"content":{"rendered":"\n<p class=\"has-nv-dark-bg-color has-text-color has-link-color wp-elements-cb542fd091bbd7cc21aba61e0b343574\"><strong>POLITICA PRIVACIDAD<\/strong><\/p>\n\n\n\n<p class=\"has-nv-dark-bg-color has-text-color has-link-color wp-elements-8c9918fd367ec99eef79cb2672a9bf97\">El Titular le informa sobre su Pol\u00edtica de Privacidad respecto del tratamiento y protecci\u00f3n de los datos de car\u00e1cter personal de los usuarios que puedan ser recabados durante la navegaci\u00f3n a trav\u00e9s del Sitio Web:&nbsp;https:\/\/productosecologicos.info\/<\/p>\n\n\n\n<p class=\"has-nv-dark-bg-color has-text-color has-link-color wp-elements-d03b89ddca7734d0f08b8ad05b17c2da\">En este sentido, el Titular garantiza el cumplimiento de la normativa vigente en materia de protecci\u00f3n de datos personales, reflejada en la Ley Org\u00e1nica 3\/2018, de 5 de diciembre, de Protecci\u00f3n de Datos Personales y de Garant\u00eda de Derechos Digitales (LOPD GDD). Cumple tambi\u00e9n con el Reglamento (UE) 2016\/679 del Parlamento Europeo y del Consejo de 27 de abril de 2016 relativo a la protecci\u00f3n de las personas f\u00edsicas (RGPD).<\/p>\n\n\n\n<p class=\"has-nv-dark-bg-color has-text-color has-link-color wp-elements-26051f7c266b35f572a4c45a5ec5996e\">El uso de sitio Web implica la aceptaci\u00f3n de esta Pol\u00edtica de Privacidad&nbsp;as\u00ed como las condiciones incluidas en el Aviso legal<\/p>\n\n\n\n<p class=\"has-nv-dark-bg-color has-text-color has-link-color wp-elements-74f3ded347d659627515b213c3f22d21\"><strong>\u00bfQui\u00e9n es el responsable del tratamiento de sus datos?<\/strong><\/p>\n\n\n\n<p class=\"has-nv-dark-bg-color has-text-color has-link-color wp-elements-ed568a2079fbea7e667db5a65ec46659\">Los datos que nos faciliten el Usuario a trav\u00e9s de los formularios de esta p\u00e1gina web se incorporar\u00e1n a tratamientos cuyo responsable es el titular tal y como se refleja en el Aviso legal<\/p>\n\n\n\n<p class=\"has-nv-dark-bg-color has-text-color has-link-color wp-elements-3b5590ca66b4a39f665981ab7af2f960\"><strong>\u00bfC\u00f3mo se obtienen datos personales en esta Web?<\/strong><\/p>\n\n\n\n<p class=\"has-nv-dark-bg-color has-text-color has-link-color wp-elements-e6890290aba450840d7a3325dd419ce5\">Los datos personales que tratamos en&nbsp;<a href=\"https:\/\/productosecologicos.info\/\" target=\"_blank\" rel=\"noreferrer noopener\">https:\/\/sergiomonterolopez.com&nbsp;<\/a>proceden de:<\/p>\n\n\n\n<p class=\"has-nv-dark-bg-color has-text-color has-link-color wp-elements-27f5a234ea1eb8dcce3226840bac61a1\">\u2013 Formulario de contacto<\/p>\n\n\n\n<p class=\"has-nv-dark-bg-color has-text-color has-link-color wp-elements-3ed8df6480c4ec7b0af2dd2b4e0e2fb8\">\u2013 Comentario del blog<\/p>\n\n\n\n<p class=\"has-nv-dark-bg-color has-text-color has-link-color wp-elements-c417f2cba357c8ddd20dc03f3bd589da\">\u2013 Formulario de suscripci\u00f3n a Newsletters<\/p>\n\n\n\n<p class=\"has-nv-dark-bg-color has-text-color has-link-color wp-elements-8bca23fa87a4b419ab02e1c3cc824969\">\u2013 Correo electr\u00f3nico directo<\/p>\n\n\n\n<p class=\"has-nv-dark-bg-color has-text-color has-link-color wp-elements-ff35eb3a15be688bf748ce86b04f1b08\"><strong>\u00bfCon que finalidad recogemos sus datos?<\/strong><\/p>\n\n\n\n<p class=\"has-nv-dark-bg-color has-text-color has-link-color wp-elements-99aa2fa4e87ebbc44b810ac741324a42\">En esta p\u00e1gina web se recogen datos de car\u00e1cter personal a trav\u00e9s de diferentes formularios. Los datos solicitados en cada formulario son los necesarios para la finalidad por la cual se recogen. La finalidad de tratamiento son los siguientes:<\/p>\n\n\n\n<p class=\"has-nv-dark-bg-color has-text-color has-link-color wp-elements-e12d760c1ead402fcd3659a49559aadc\">\u2013 FORMULARIOS DE CONTACTO: La finalidad de recogida de datos en estos formularios es poder contestar las consultas planteadas y enviar al usuario la informaci\u00f3n solicitada a trav\u00e9s del correo electr\u00f3nico o tel\u00e9fono indicados en los mismos.<\/p>\n\n\n\n<p class=\"has-nv-dark-bg-color has-text-color has-link-color wp-elements-521723839f64e77b0ecfd4379487036d\">\u2013 FORMULARIO DEL COMENTARIO: La finalidad de recogida de datos en este formulario es que el Usuario pueda comentar los posts publicados. Al enviar el formulario el moderador revisar\u00e1 el post y lo publicar\u00e1, en dicha publicaci\u00f3n aparecer\u00e1 el nombre del Usuario.<\/p>\n\n\n\n<p class=\"has-nv-dark-bg-color has-text-color has-link-color wp-elements-b8722980cd69d7b8d1369bf979fe5ea3\">\u2013 FORMULARIO SUSCRIPCION A NEWSLETTER: La finalidad de recogida de datos en este formulario es dar de alta al Usuario en la newsletter https:\/\/productosecologicos.info\/, a trav\u00e9s de la cual recibir\u00e1 informaci\u00f3n sobre las ofertas, promociones, productos, actividades realizadas por la empresa. El Usuario una vez dado de alta recibir\u00e1 un correo para confirmar la suscripci\u00f3n en el bolet\u00edn.<\/p>\n\n\n\n<p class=\"has-nv-dark-bg-color has-text-color has-link-color wp-elements-1d6f79887e06420a4a841d941a9a4970\">\u2013 CORREO ELECTR\u00d3NICO: Si el Usuario se pone en contacto a trav\u00e9s del correo electr\u00f3nico publicado en esta Web, sus datos ser\u00e1n tratados para contestar las consultas planteadas y poderle enviar la informaci\u00f3n solicitada a trav\u00e9s del correo electr\u00f3nico a trav\u00e9s del cual se recibe la consulta.<\/p>\n\n\n\n<p class=\"has-nv-dark-bg-color has-text-color has-link-color wp-elements-b4a27a2b739341d9f907a377ecdd0139\"><strong>\u00bfCu\u00e1nto guardamos sus datos?<\/strong><\/p>\n\n\n\n<p class=\"has-nv-dark-bg-color has-text-color has-link-color wp-elements-75fac26371f7001b9d6c0cf4edd4cd36\">La informaci\u00f3n obtenida en la Web los datos se conservar\u00e1n mientras que el Usuario no solicite su supresi\u00f3n.<\/p>\n\n\n\n<p class=\"has-nv-dark-bg-color has-text-color has-link-color wp-elements-0dcd886294a3134a9de73838f6f513b8\"><strong>\u00bfRealizamos perfiles con sus datos?<\/strong><\/p>\n\n\n\n<p class=\"has-nv-dark-bg-color has-text-color has-link-color wp-elements-a4a6eb845229847ef70baa5c2ba56261\">Con el fin de mejorar la experiencia como Usuario o cliente, se realizan perfiles comerciales. No se tomar\u00e1n decisiones automatizadas en base a esos perfiles.<\/p>\n\n\n\n<p class=\"has-nv-dark-bg-color has-text-color has-link-color wp-elements-9f0059d98f752f2a9849fdd12346d272\"><strong>\u00bfQu\u00e9 legitima el tratamiento de sus datos?<\/strong><\/p>\n\n\n\n<p class=\"has-nv-dark-bg-color has-text-color has-link-color wp-elements-d711b771b511de5b0ace01336132d1ac\">El tratamientos est\u00e1 legitimado en el consentimiento prestado por el usuario al aceptar nuestra pol\u00edtica de privacidad o al enviarnos un correo electr\u00f3nico a trav\u00e9s del correo publicado en la web. El Usuario deber\u00e1 cumplimentar los campos marcados con * para poder enviar los formularios cumplimentados, si no se cumplimentan los campos<\/p>\n\n\n\n<p class=\"has-nv-dark-bg-color has-text-color has-link-color wp-elements-c41a422a1e752f100f17a5c4f39aa354\">indicados el Usuario no podr\u00e1 enviarlos.<\/p>\n\n\n\n<p class=\"has-nv-dark-bg-color has-text-color has-link-color wp-elements-4cb3e0747569819f5732bb9d2f3cad06\"><strong>\u00bfA qui\u00e9n cedemos sus datos?<\/strong><\/p>\n\n\n\n<p class=\"has-nv-dark-bg-color has-text-color has-link-color wp-elements-a8283072f9a5739e4a68ef79435c738d\">Sus datos no ser\u00e1n cedidos a terceros salvo que exista obligaci\u00f3n legal<\/p>\n\n\n\n<p class=\"has-nv-dark-bg-color has-text-color has-link-color wp-elements-e355eb171df433ad7132a57a43e3a569\"><strong>\u00bfQu\u00e9 terceros prestan servicios en esta web?<\/strong><\/p>\n\n\n\n<p class=\"has-nv-dark-bg-color has-text-color has-link-color wp-elements-e434d9f6b64e7ec064f9b7662059f71f\">Para el desarrollo de esta Web se utilizan los siguientes proveedores de servicios:<\/p>\n\n\n\n<p class=\"has-nv-dark-bg-color has-text-color has-link-color wp-elements-02b6d4ff304193b53f9c3abd6d7b0f67\">Hosting: Hosting Propio. Utiliza protocolo SSL con lo que la comunicaci\u00f3n de datos se hace a trav\u00e9s de canal cifrado.<\/p>\n\n\n\n<p class=\"has-nv-dark-bg-color has-text-color has-link-color wp-elements-881c610cbb7f5b9e17de14ab069f526e\"><strong>\u00bfQu\u00e9 derechos tiene y como ejercerlos?<\/strong><\/p>\n\n\n\n<p class=\"has-nv-dark-bg-color has-text-color has-link-color wp-elements-b83842c56798d06fb7c7eaa197e2b909\">El Usuario tiene derecho a:<\/p>\n\n\n\n<ul class=\"has-nv-dark-bg-color has-text-color has-link-color wp-elements-185bed0182e08f8e6e198e1d33e5fb99\">\n<li>acceder a sus datos personales,<\/li>\n\n\n\n<li>solicitar la rectificaci\u00f3n de los datos personales que sean inexactos<\/li>\n\n\n\n<li>solicitar su supresi\u00f3n cuando, entre otros motivos, ya no sean necesarios para los fines que fueron recogidos.<\/li>\n\n\n\n<li>solicitar la limitaci\u00f3n de su tratamiento, en cuyo caso \u00fanicamente se conservar\u00e1n para el ejercicio o la defensa de reclamaciones.<\/li>\n\n\n\n<li>pedir la portabilidad de sus datos.<\/li>\n\n\n\n<li>por motivos relacionados con su situaci\u00f3n particular, podr\u00e1 oponerse al tratamiento de los mismos y https:\/\/productosecologicos.info\/ dejar\u00e1 de tratarlos, salvo por motivos leg\u00edtimos imperiosos, o el ejercicio o la defensa de posibles reclamaciones.<\/li>\n\n\n\n<li>podr\u00e1 revocar los consentimientos prestados en cualquier momento.<\/li>\n<\/ul>\n\n\n\n<p class=\"has-nv-dark-bg-color has-text-color has-link-color wp-elements-9087dce1305014081011466eca418f76\">El Usuario podr\u00e1 ejercitar sus derechos o retirar los consentimientos prestados a trav\u00e9s de correo electr\u00f3nico&nbsp;(info@productosecologocos.info)<\/p>\n\n\n\n<p class=\"has-nv-dark-bg-color has-text-color has-link-color wp-elements-39f656828627e5d4d0913972073754b8\">El Usuario tambi\u00e9n podr\u00e1 presentar una reclamaci\u00f3n ante la Agencia Espa\u00f1ola de Protecci\u00f3n de Datos.<\/p>\n\n\n\n<p class=\"has-nv-dark-bg-color has-text-color has-link-color wp-elements-b9ab8fc645a02aeff28e320e98bc2ff1\">El titular tiene implantadas todas las medidas de seguridad, a fin de garantizar la confidencialidad en el almacenamiento y tratamiento de los datos personales, as\u00ed como evitar accesos por parte de terceros no autorizados.<\/p>\n\n\n\n<p class=\"has-nv-dark-bg-color has-text-color has-link-color wp-elements-35662f7c00dc35fd18090152696268ce\"><strong>Tratamiento de datos de menores de edad<\/strong><\/p>\n\n\n\n<p class=\"has-nv-dark-bg-color has-text-color has-link-color wp-elements-4c6ea8f39708e3ccbf00d936918696f1\">Las personas menores de 18 a\u00f1os no tienen permitido facilitarnos datos personales.<\/p>\n\n\n\n<p class=\"has-nv-dark-bg-color has-text-color has-link-color wp-elements-8a42fd2c2693a215e031f7658b0c5364\">Los contenidos de esta Web est\u00e1n dirigidos a personas mayores de edad el titular no pretende obtener datos de personas menores de edad.<\/p>\n\n\n\n<p class=\"has-nv-dark-bg-color has-text-color has-link-color wp-elements-06567bc100368fa061e39deee2edabd8\">Cuando el titular tenga conocimiento de que existen en su fichero datos de car\u00e1cter personal de un menor, proceder\u00e1 de inmediato a cancelar dichos datos.<\/p>\n\n\n\n<p class=\"has-nv-dark-bg-color has-text-color has-link-color wp-elements-526f06895479198c672f96460d82ef53\"><strong>Normas para redes sociales<\/strong><\/p>\n\n\n\n<p class=\"has-nv-dark-bg-color has-text-color has-link-color wp-elements-ea037cb49bca22accba08c645e635055\">A trav\u00e9s de nuestras redes sociales se pueden compartir nuestros contenidos o dejar tus comentarios, fotos o v\u00eddeos, siempre que sean del inter\u00e9s para toda la comunidad.<\/p>\n\n\n\n<p class=\"has-nv-dark-bg-color has-text-color has-link-color wp-elements-6a846ebc4aaabfb4c6af315795c42131\">Las redes sociales est\u00e1n constantemente supervisadas con el fin de atender vuestras preguntas y comentarios en el menor tiempo posible.<\/p>\n\n\n\n<p class=\"has-nv-dark-bg-color has-text-color has-link-color wp-elements-eb4f1cd276cad8375a31825c01198ecc\">Queremos que sea un espacio del que todos disfrutemos, por lo que es importante que entre todos respetemos unas normas de convivencia:<\/p>\n\n\n\n<ol class=\"has-nv-dark-bg-color has-text-color has-link-color wp-elements-77dc99a35d3793dd258c5f4ed758a844\">\n<li>T\u00fa eres el responsable de los contenidos que publiques, no caigas en la violaci\u00f3n de cualquier derecho, ley o reglamento.<\/li>\n\n\n\n<li>Cuida la redacci\u00f3n y el tono, evita publicar cualquier informaci\u00f3n abusiva, difamatoria u obscena.<\/li>\n\n\n\n<li>Respeta el derecho a la privacidad, no hagas comentarios il\u00edcitos, ofensivos o discriminatorios sobre terceros.<\/li>\n\n\n\n<li>Evita comentarios fraudulentos, enga\u00f1osos o que puedan inducir al error.<\/li>\n\n\n\n<li>No permitimos el spam, ni los mensajes comerciales o publicitarios, no queremos mensajes repetitivos.<\/li>\n\n\n\n<li>No mantendremos conversaciones con perfiles que podamos considerar como falsos.<\/li>\n<\/ol>\n\n\n\n<p class=\"has-nv-dark-bg-color has-nv-site-bg-background-color has-text-color has-background has-link-color wp-elements-9f0c5228b96d88b6456749490cd12a5e\">El contenido publicado por los usuarios en nuestras Webs no necesariamente refleja el punto de vista del titular. Si los comentarios de los Usuarios no cumplen las Normas, podr\u00e1n ser eliminados, ocultados o bloqueados. Los Usuarios que publiquen contenidos no permitidos ser\u00e1n bloqueados de la comunidad.<\/p>\n\n\n\n<p class=\"has-nv-dark-bg-color has-nv-site-bg-background-color has-text-color has-background has-link-color wp-elements-01531078f4a8ab91d81b561d1249b3b0\">El titular se reserva el derecho a modificar los Normas en cualquier momento y sin previo aviso.<\/p>\n\n\n\n<p class=\"has-nv-dark-bg-color has-nv-site-bg-background-color has-text-color has-background has-link-color wp-elements-2e33a6840e269480c3ff085925394a7d\">Utilizamos cookies propias y de terceros para mejorar nuestros servicios. Si contin\u00faa navegando, consideramos que acepta su uso<em>.<\/em><\/p>\n","protected":false},"excerpt":{"rendered":"<p>POLITICA PRIVACIDAD El Titular le informa sobre su Pol\u00edtica de Privacidad respecto del tratamiento y protecci\u00f3n de los datos de car\u00e1cter personal de los usuarios que puedan ser recabados durante la navegaci\u00f3n a trav\u00e9s del Sitio Web:&nbsp;https:\/\/productosecologicos.info\/ En este sentido, el Titular garantiza el cumplimiento de la normativa vigente en materia de protecci\u00f3n de datos&hellip;&nbsp;<a href=\"https:\/\/mundobarbacoa.net\/index.php\/politica-de-privacidad\/\" rel=\"bookmark\">Leer m\u00e1s &raquo;<span class=\"screen-reader-text\">Pol\u00edtica de Privacidad<\/span><\/a><\/p>\n","protected":false},"author":1,"featured_media":0,"parent":0,"menu_order":0,"comment_status":"closed","ping_status":"closed","template":"","meta":{"neve_meta_sidebar":"","neve_meta_container":"","neve_meta_enable_content_width":"","neve_meta_content_width":0,"neve_meta_title_alignment":"","neve_meta_author_avatar":"","neve_post_elements_order":"","neve_meta_disable_header":"","neve_meta_disable_footer":"","neve_meta_disable_title":"","footnotes":""},"yoast_head":"<!-- This site is optimized with the Yoast SEO plugin v21.5 - https:\/\/yoast.com\/wordpress\/plugins\/seo\/ -->\n<title>Pol\u00edtica de Privacidad - Mundo Barbacoa<\/title>\n<meta name=\"robots\" content=\"noindex, nofollow\" \/>\n<meta property=\"og:locale\" content=\"es_ES\" \/>\n<meta property=\"og:type\" content=\"article\" \/>\n<meta property=\"og:title\" content=\"Pol\u00edtica de Privacidad - Mundo Barbacoa\" \/>\n<meta property=\"og:description\" content=\"POLITICA PRIVACIDAD El Titular le informa sobre su Pol\u00edtica de Privacidad respecto del tratamiento y protecci\u00f3n de los datos de car\u00e1cter personal de los usuarios que puedan ser recabados durante la navegaci\u00f3n a trav\u00e9s del Sitio Web:&nbsp;https:\/\/productosecologicos.info\/ En este sentido, el Titular garantiza el cumplimiento de la normativa vigente en materia de protecci\u00f3n de datos&hellip;&nbsp;Leer m\u00e1s &raquo;Pol\u00edtica de Privacidad\" \/>\n<meta property=\"og:url\" content=\"https:\/\/mundobarbacoa.net\/index.php\/politica-de-privacidad\/\" \/>\n<meta property=\"og:site_name\" content=\"Mundo Barbacoa\" \/>\n<meta name=\"twitter:card\" content=\"summary_large_image\" \/>\n<meta name=\"twitter:label1\" content=\"Tiempo de lectura\" \/>\n\t<meta name=\"twitter:data1\" content=\"5 minutos\" \/>\n<script type=\"application\/ld+json\" class=\"yoast-schema-graph\">{\"@context\":\"https:\/\/schema.org\",\"@graph\":[{\"@type\":\"WebPage\",\"@id\":\"https:\/\/mundobarbacoa.net\/index.php\/politica-de-privacidad\/\",\"url\":\"https:\/\/mundobarbacoa.net\/index.php\/politica-de-privacidad\/\",\"name\":\"Pol\u00edtica de Privacidad - Mundo Barbacoa\",\"isPartOf\":{\"@id\":\"https:\/\/mundobarbacoa.net\/#website\"},\"datePublished\":\"2024-11-20T10:08:59+00:00\",\"dateModified\":\"2024-11-20T10:08:59+00:00\",\"breadcrumb\":{\"@id\":\"https:\/\/mundobarbacoa.net\/index.php\/politica-de-privacidad\/#breadcrumb\"},\"inLanguage\":\"es\",\"potentialAction\":[{\"@type\":\"ReadAction\",\"target\":[\"https:\/\/mundobarbacoa.net\/index.php\/politica-de-privacidad\/\"]}]},{\"@type\":\"BreadcrumbList\",\"@id\":\"https:\/\/mundobarbacoa.net\/index.php\/politica-de-privacidad\/#breadcrumb\",\"itemListElement\":[{\"@type\":\"ListItem\",\"position\":1,\"name\":\"Portada\",\"item\":\"https:\/\/mundobarbacoa.net\/\"},{\"@type\":\"ListItem\",\"position\":2,\"name\":\"Pol\u00edtica de Privacidad\"}]},{\"@type\":\"WebSite\",\"@id\":\"https:\/\/mundobarbacoa.net\/#website\",\"url\":\"https:\/\/mundobarbacoa.net\/\",\"name\":\"Mundo Barbacoa\",\"description\":\"Analizamos los mejores modelos de barbacoas\",\"publisher\":{\"@id\":\"https:\/\/mundobarbacoa.net\/#\/schema\/person\/9cb2ce144c9050dc9d465106c00b4b60\"},\"potentialAction\":[{\"@type\":\"SearchAction\",\"target\":{\"@type\":\"EntryPoint\",\"urlTemplate\":\"https:\/\/mundobarbacoa.net\/?s={search_term_string}\"},\"query-input\":\"required name=search_term_string\"}],\"inLanguage\":\"es\"},{\"@type\":[\"Person\",\"Organization\"],\"@id\":\"https:\/\/mundobarbacoa.net\/#\/schema\/person\/9cb2ce144c9050dc9d465106c00b4b60\",\"name\":\"kmcerofood\",\"logo\":{\"@id\":\"https:\/\/mundobarbacoa.net\/#\/schema\/person\/image\/\"},\"sameAs\":[\"https:\/\/mundobarbacoa.net\"]}]}<\/script>\n<!-- \/ Yoast SEO plugin. -->","yoast_head_json":{"title":"Pol\u00edtica de Privacidad - Mundo Barbacoa","robots":{"index":"noindex","follow":"nofollow"},"og_locale":"es_ES","og_type":"article","og_title":"Pol\u00edtica de Privacidad - Mundo Barbacoa","og_description":"POLITICA PRIVACIDAD El Titular le informa sobre su Pol\u00edtica de Privacidad respecto del tratamiento y protecci\u00f3n de los datos de car\u00e1cter personal de los usuarios que puedan ser recabados durante la navegaci\u00f3n a trav\u00e9s del Sitio Web:&nbsp;https:\/\/productosecologicos.info\/ En este sentido, el Titular garantiza el cumplimiento de la normativa vigente en materia de protecci\u00f3n de datos&hellip;&nbsp;Leer m\u00e1s &raquo;Pol\u00edtica de Privacidad","og_url":"https:\/\/mundobarbacoa.net\/index.php\/politica-de-privacidad\/","og_site_name":"Mundo Barbacoa","twitter_card":"summary_large_image","twitter_misc":{"Tiempo de lectura":"5 minutos"},"schema":{"@context":"https:\/\/schema.org","@graph":[{"@type":"WebPage","@id":"https:\/\/mundobarbacoa.net\/index.php\/politica-de-privacidad\/","url":"https:\/\/mundobarbacoa.net\/index.php\/politica-de-privacidad\/","name":"Pol\u00edtica de Privacidad - Mundo Barbacoa","isPartOf":{"@id":"https:\/\/mundobarbacoa.net\/#website"},"datePublished":"2024-11-20T10:08:59+00:00","dateModified":"2024-11-20T10:08:59+00:00","breadcrumb":{"@id":"https:\/\/mundobarbacoa.net\/index.php\/politica-de-privacidad\/#breadcrumb"},"inLanguage":"es","potentialAction":[{"@type":"ReadAction","target":["https:\/\/mundobarbacoa.net\/index.php\/politica-de-privacidad\/"]}]},{"@type":"BreadcrumbList","@id":"https:\/\/mundobarbacoa.net\/index.php\/politica-de-privacidad\/#breadcrumb","itemListElement":[{"@type":"ListItem","position":1,"name":"Portada","item":"https:\/\/mundobarbacoa.net\/"},{"@type":"ListItem","position":2,"name":"Pol\u00edtica de Privacidad"}]},{"@type":"WebSite","@id":"https:\/\/mundobarbacoa.net\/#website","url":"https:\/\/mundobarbacoa.net\/","name":"Mundo Barbacoa","description":"Analizamos los mejores modelos de barbacoas","publisher":{"@id":"https:\/\/mundobarbacoa.net\/#\/schema\/person\/9cb2ce144c9050dc9d465106c00b4b60"},"potentialAction":[{"@type":"SearchAction","target":{"@type":"EntryPoint","urlTemplate":"https:\/\/mundobarbacoa.net\/?s={search_term_string}"},"query-input":"required name=search_term_string"}],"inLanguage":"es"},{"@type":["Person","Organization"],"@id":"https:\/\/mundobarbacoa.net\/#\/schema\/person\/9cb2ce144c9050dc9d465106c00b4b60","name":"kmcerofood","logo":{"@id":"https:\/\/mundobarbacoa.net\/#\/schema\/person\/image\/"},"sameAs":["https:\/\/mundobarbacoa.net"]}]}},"_links":{"self":[{"href":"https:\/\/mundobarbacoa.net\/index.php\/wp-json\/wp\/v2\/pages\/327"}],"collection":[{"href":"https:\/\/mundobarbacoa.net\/index.php\/wp-json\/wp\/v2\/pages"}],"about":[{"href":"https:\/\/mundobarbacoa.net\/index.php\/wp-json\/wp\/v2\/types\/page"}],"author":[{"embeddable":true,"href":"https:\/\/mundobarbacoa.net\/index.php\/wp-json\/wp\/v2\/users\/1"}],"replies":[{"embeddable":true,"href":"https:\/\/mundobarbacoa.net\/index.php\/wp-json\/wp\/v2\/comments?post=327"}],"version-history":[{"count":1,"href":"https:\/\/mundobarbacoa.net\/index.php\/wp-json\/wp\/v2\/pages\/327\/revisions"}],"predecessor-version":[{"id":328,"href":"https:\/\/mundobarbacoa.net\/index.php\/wp-json\/wp\/v2\/pages\/327\/revisions\/328"}],"wp:attachment":[{"href":"https:\/\/mundobarbacoa.net\/index.php\/wp-json\/wp\/v2\/media?parent=327"}],"curies":[{"name":"wp","href":"https:\/\/api.w.org\/{rel}","templated":true}]}}