{"id":29,"date":"2024-11-13T13:38:55","date_gmt":"2024-11-13T12:38:55","guid":{"rendered":"https:\/\/mundobarbacoa.net\/?page_id=29"},"modified":"2025-01-15T13:11:37","modified_gmt":"2025-01-15T12:11:37","slug":"barbacoas-de-obra","status":"publish","type":"page","link":"https:\/\/mundobarbacoa.net\/index.php\/barbacoas-de-obra\/","title":{"rendered":"Barbacoas de obra"},"content":{"rendered":"\n<p class=\"has-nv-dark-bg-color has-nv-c-2-background-color has-text-color has-background has-link-color has-medium-font-size wp-elements-43ea3d890b219915daf0e17b7b744d1c\"><strong>Te proporcionamos las mejores barbacoas de obra. Bas\u00e1ndonos en opiniones de los usuarios y por ser las m\u00e1s vendidas. <\/strong><\/p>\n\n\n\n<p><\/p>\n\n\n\n<div class=\"wp-block-columns has-nv-site-bg-background-color has-background is-layout-flex wp-container-core-columns-layout-1 wp-block-columns-is-layout-flex\">\n<div class=\"wp-block-column is-layout-flow wp-block-column-is-layout-flow\"><div class=\"wp-block-image\">\n<figure class=\"aligncenter size-full is-resized\"><a href=\"https:\/\/amzn.to\/4jeuyLf\"><img loading=\"lazy\" decoding=\"async\" width=\"1423\" height=\"1319\" src=\"https:\/\/mundobarbacoa.net\/wp-content\/uploads\/2025\/01\/613C5AiypfL._AC_SL1500_.jpg\" alt=\"TUOZI. Barbacoa de obra para Le\u00f1a y Carb\u00f3n Modelo PLAN 1 PLUS (Gris\/Blanco - 78 x 47 x 102 cm). Uso en Exteriores.\" class=\"wp-image-481\" style=\"width:366px;height:auto\" srcset=\"https:\/\/mundobarbacoa.net\/wp-content\/uploads\/2025\/01\/613C5AiypfL._AC_SL1500_.jpg 1423w, https:\/\/mundobarbacoa.net\/wp-content\/uploads\/2025\/01\/613C5AiypfL._AC_SL1500_-300x278.jpg 300w, https:\/\/mundobarbacoa.net\/wp-content\/uploads\/2025\/01\/613C5AiypfL._AC_SL1500_-1024x949.jpg 1024w, https:\/\/mundobarbacoa.net\/wp-content\/uploads\/2025\/01\/613C5AiypfL._AC_SL1500_-768x712.jpg 768w\" sizes=\"(max-width: 1423px) 100vw, 1423px\" \/><\/a><\/figure><\/div>\n\n\n<p class=\"has-text-align-center has-nv-dark-bg-color has-nv-c-2-background-color has-text-color has-background has-link-color wp-elements-ded26a6d625ad6310450bf6e86fc6933\"><strong>TUOZI. Barbacoa de obra para Le\u00f1a y Carb\u00f3n  78 x 47 x 102 cm). <\/strong><\/p>\n\n\n\n<div class=\"wp-block-buttons is-content-justification-center is-layout-flex wp-container-core-buttons-layout-1 wp-block-buttons-is-layout-flex\">\n<div class=\"wp-block-button has-custom-width wp-block-button__width-100\"><a class=\"wp-block-button__link has-nv-dark-bg-color has-text-color has-background has-link-color wp-element-button\" href=\"https:\/\/amzn.to\/4jeuyLf\" style=\"background:linear-gradient(135deg,rgb(252,185,0) 100%,rgb(255,105,0) 100%)\">Ver<strong> en Amazon<\/strong><\/a><\/div>\n<\/div>\n<\/div>\n\n\n\n<div class=\"wp-block-column is-layout-flow wp-block-column-is-layout-flow\"><div class=\"wp-block-image\">\n<figure class=\"aligncenter size-full is-resized\"><a href=\"https:\/\/amzn.to\/4gWuxKo\"><img loading=\"lazy\" decoding=\"async\" width=\"959\" height=\"1479\" src=\"https:\/\/mundobarbacoa.net\/wp-content\/uploads\/2025\/01\/61bPasmd7uL._AC_SL1500_.jpg\" alt=\"MAESTRO FERRETERO MOVELAR - Barbacoa de obra prefabricada para Le\u00f1a y Carb\u00f3n Modelo New Iberia Plus XL 69 x 47 x 190 cm.\" class=\"wp-image-482\" style=\"width:220px;height:auto\" srcset=\"https:\/\/mundobarbacoa.net\/wp-content\/uploads\/2025\/01\/61bPasmd7uL._AC_SL1500_.jpg 959w, https:\/\/mundobarbacoa.net\/wp-content\/uploads\/2025\/01\/61bPasmd7uL._AC_SL1500_-195x300.jpg 195w, https:\/\/mundobarbacoa.net\/wp-content\/uploads\/2025\/01\/61bPasmd7uL._AC_SL1500_-664x1024.jpg 664w, https:\/\/mundobarbacoa.net\/wp-content\/uploads\/2025\/01\/61bPasmd7uL._AC_SL1500_-768x1184.jpg 768w\" sizes=\"(max-width: 959px) 100vw, 959px\" \/><\/a><\/figure><\/div>\n\n\n<p class=\"has-text-align-center has-nv-dark-bg-color has-nv-c-2-background-color has-text-color has-background has-link-color wp-elements-923c78f65dd9757ceff983dace2f6368\"><strong>Barbacoa de obra prefabricada para Le\u00f1a y Carb\u00f3n 69 x 47 x 190 cm.<\/strong><\/p>\n\n\n\n<div class=\"wp-block-buttons is-content-justification-center is-layout-flex wp-container-core-buttons-layout-2 wp-block-buttons-is-layout-flex\">\n<div class=\"wp-block-button has-custom-width wp-block-button__width-100\"><a class=\"wp-block-button__link has-nv-dark-bg-color has-text-color has-background has-link-color wp-element-button\" href=\"https:\/\/amzn.to\/4gWuxKo\" style=\"background:linear-gradient(135deg,rgb(252,185,0) 100%,rgb(255,105,0) 100%)\">Ver<strong> en Amazon<\/strong><\/a><\/div>\n<\/div>\n<\/div>\n\n\n\n<div class=\"wp-block-column is-layout-flow wp-block-column-is-layout-flow\"><div class=\"wp-block-image\">\n<figure class=\"aligncenter size-large is-resized\"><a href=\"https:\/\/amzn.to\/40kodW9\"><img loading=\"lazy\" decoding=\"async\" width=\"652\" height=\"1024\" src=\"https:\/\/mundobarbacoa.net\/wp-content\/uploads\/2025\/01\/61Hb6YuHSHL._AC_SL1500_-652x1024.jpg\" alt=\"Barbacoa de obra prefabricada para Le\u00f1a y Carb\u00f3n Modelo BBQ BENHADDOU Plus con Parrilla 100 x 70 x 262 cm.\" class=\"wp-image-483\" style=\"width:217px;height:auto\" srcset=\"https:\/\/mundobarbacoa.net\/wp-content\/uploads\/2025\/01\/61Hb6YuHSHL._AC_SL1500_-652x1024.jpg 652w, https:\/\/mundobarbacoa.net\/wp-content\/uploads\/2025\/01\/61Hb6YuHSHL._AC_SL1500_-191x300.jpg 191w, https:\/\/mundobarbacoa.net\/wp-content\/uploads\/2025\/01\/61Hb6YuHSHL._AC_SL1500_-768x1206.jpg 768w, https:\/\/mundobarbacoa.net\/wp-content\/uploads\/2025\/01\/61Hb6YuHSHL._AC_SL1500_.jpg 955w\" sizes=\"(max-width: 652px) 100vw, 652px\" \/><\/a><\/figure><\/div>\n\n\n<p class=\"has-text-align-center has-nv-dark-bg-color has-nv-c-2-background-color has-text-color has-background has-link-color wp-elements-943b80709ca48bc313a3c264da692419\"><strong>Barbacoa de obra prefabricada para Le\u00f1a y Carb\u00f3n 100 x 70 x 262 cm.<\/strong><\/p>\n\n\n\n<div class=\"wp-block-buttons is-content-justification-center is-layout-flex wp-container-core-buttons-layout-3 wp-block-buttons-is-layout-flex\">\n<div class=\"wp-block-button has-custom-width wp-block-button__width-100\"><a class=\"wp-block-button__link has-nv-dark-bg-color has-text-color has-background has-link-color wp-element-button\" href=\"https:\/\/amzn.to\/40kodW9\" style=\"background:linear-gradient(135deg,rgb(252,185,0) 100%,rgb(255,105,0) 100%)\">Ver<strong> en Amazon<\/strong><\/a><\/div>\n<\/div>\n<\/div>\n<\/div>\n\n\n\n<div class=\"wp-block-columns has-nv-site-bg-background-color has-background is-layout-flex wp-container-core-columns-layout-2 wp-block-columns-is-layout-flex\">\n<div class=\"wp-block-column is-layout-flow wp-block-column-is-layout-flow\">\n<figure class=\"wp-block-image size-full is-resized\"><a href=\"https:\/\/amzn.to\/4al2ly9\"><img loading=\"lazy\" decoding=\"async\" width=\"1374\" height=\"1500\" src=\"https:\/\/mundobarbacoa.net\/wp-content\/uploads\/2025\/01\/61atBaKu01L._AC_SL1500_.jpg\" alt=\"Barbacoa de obra prefabricada para le\u00f1a y carb\u00f3n  152 x 58 x 207 cm.\" class=\"wp-image-486\" style=\"width:344px;height:auto\" srcset=\"https:\/\/mundobarbacoa.net\/wp-content\/uploads\/2025\/01\/61atBaKu01L._AC_SL1500_.jpg 1374w, https:\/\/mundobarbacoa.net\/wp-content\/uploads\/2025\/01\/61atBaKu01L._AC_SL1500_-275x300.jpg 275w, https:\/\/mundobarbacoa.net\/wp-content\/uploads\/2025\/01\/61atBaKu01L._AC_SL1500_-938x1024.jpg 938w, https:\/\/mundobarbacoa.net\/wp-content\/uploads\/2025\/01\/61atBaKu01L._AC_SL1500_-768x838.jpg 768w\" sizes=\"(max-width: 1374px) 100vw, 1374px\" \/><\/a><\/figure>\n\n\n\n<p class=\"has-text-align-center has-nv-dark-bg-color has-nv-c-2-background-color has-text-color has-background has-link-color wp-elements-eca6b0d61e4e11b8d856a33d2854bf1e\"><strong>Barbacoa de obra prefabricada para le\u00f1a y carb\u00f3n 152 x 58 x 207 cm.<\/strong><\/p>\n\n\n\n<div class=\"wp-block-buttons is-content-justification-center is-layout-flex wp-container-core-buttons-layout-4 wp-block-buttons-is-layout-flex\">\n<div class=\"wp-block-button has-custom-width wp-block-button__width-100\"><a class=\"wp-block-button__link has-nv-dark-bg-color has-text-color has-background has-link-color wp-element-button\" href=\"https:\/\/amzn.to\/4al2ly9\" style=\"background:linear-gradient(135deg,rgb(252,185,0) 100%,rgb(255,105,0) 100%)\">Ver<strong> en Amazon<\/strong><\/a><\/div>\n<\/div>\n<\/div>\n\n\n\n<div class=\"wp-block-column is-layout-flow wp-block-column-is-layout-flow\"><div class=\"wp-block-image\">\n<figure class=\"aligncenter size-full is-resized\"><a href=\"https:\/\/amzn.to\/4al2stz\"><img loading=\"lazy\" decoding=\"async\" width=\"678\" height=\"1500\" src=\"https:\/\/mundobarbacoa.net\/wp-content\/uploads\/2025\/01\/61TNkJZU0jL._AC_SL1500_.jpg\" alt=\"Chimenea de jard\u00edn exterior Helios. Estufa de patio con almacenamiento de le\u00f1a.\" class=\"wp-image-487\" style=\"width:170px;height:auto\" srcset=\"https:\/\/mundobarbacoa.net\/wp-content\/uploads\/2025\/01\/61TNkJZU0jL._AC_SL1500_.jpg 678w, https:\/\/mundobarbacoa.net\/wp-content\/uploads\/2025\/01\/61TNkJZU0jL._AC_SL1500_-136x300.jpg 136w, https:\/\/mundobarbacoa.net\/wp-content\/uploads\/2025\/01\/61TNkJZU0jL._AC_SL1500_-463x1024.jpg 463w\" sizes=\"(max-width: 678px) 100vw, 678px\" \/><\/a><\/figure><\/div>\n\n\n<p class=\"has-text-align-center has-nv-dark-bg-color has-nv-c-2-background-color has-text-color has-background has-link-color wp-elements-898653659be9d84185d643fb8849b67e\"><strong>Chimenea de jard\u00edn exterior Helios. Estufa de patio con almacenamiento<\/strong>.<\/p>\n\n\n\n<div class=\"wp-block-buttons is-content-justification-center is-layout-flex wp-container-core-buttons-layout-5 wp-block-buttons-is-layout-flex\">\n<div class=\"wp-block-button has-custom-width wp-block-button__width-100\"><a class=\"wp-block-button__link has-nv-dark-bg-color has-text-color has-background has-link-color wp-element-button\" href=\"https:\/\/amzn.to\/4al2stz\" style=\"background:linear-gradient(135deg,rgb(252,185,0) 100%,rgb(255,105,0) 100%)\">Ver<strong> en Amazon<\/strong><\/a><\/div>\n<\/div>\n<\/div>\n\n\n\n<div class=\"wp-block-column is-layout-flow wp-block-column-is-layout-flow\"><div class=\"wp-block-image\">\n<figure class=\"aligncenter size-large is-resized\"><a href=\"https:\/\/amzn.to\/42fOQ0T\"><img loading=\"lazy\" decoding=\"async\" width=\"711\" height=\"1024\" src=\"https:\/\/mundobarbacoa.net\/wp-content\/uploads\/2025\/01\/8137pq7ha-L._AC_SL1500_-711x1024.jpg\" alt=\"Barbacoa Garden Grills Ginevra 1700 x 640 x 2320 mm.\" class=\"wp-image-488\" style=\"width:260px;height:auto\" srcset=\"https:\/\/mundobarbacoa.net\/wp-content\/uploads\/2025\/01\/8137pq7ha-L._AC_SL1500_-711x1024.jpg 711w, https:\/\/mundobarbacoa.net\/wp-content\/uploads\/2025\/01\/8137pq7ha-L._AC_SL1500_-208x300.jpg 208w, https:\/\/mundobarbacoa.net\/wp-content\/uploads\/2025\/01\/8137pq7ha-L._AC_SL1500_-768x1107.jpg 768w, https:\/\/mundobarbacoa.net\/wp-content\/uploads\/2025\/01\/8137pq7ha-L._AC_SL1500_.jpg 1041w\" sizes=\"(max-width: 711px) 100vw, 711px\" \/><\/a><\/figure><\/div>\n\n\n<p class=\"has-text-align-center has-nv-dark-bg-color has-nv-c-2-background-color has-text-color has-background has-link-color wp-elements-de1665da6a71e0682b15a3c27d02d5d3\"><strong>Barbacoa Garden Grills Ginevra 1700 x 640 x 2320 mm<\/strong><\/p>\n\n\n\n<div class=\"wp-block-buttons is-content-justification-center is-layout-flex wp-container-core-buttons-layout-6 wp-block-buttons-is-layout-flex\">\n<div class=\"wp-block-button has-custom-width wp-block-button__width-100\"><a class=\"wp-block-button__link has-nv-dark-bg-color has-text-color has-background has-link-color wp-element-button\" href=\"https:\/\/amzn.to\/42fOQ0T\" style=\"background:linear-gradient(135deg,rgb(252,185,0) 100%,rgb(255,105,0) 100%)\">Ver<strong> en Amazon<\/strong><\/a><\/div>\n<\/div>\n<\/div>\n<\/div>\n","protected":false},"excerpt":{"rendered":"<p>Te proporcionamos las mejores barbacoas de obra. Bas\u00e1ndonos en opiniones de los usuarios y por ser las m\u00e1s vendidas. TUOZI. Barbacoa de obra para Le\u00f1a y Carb\u00f3n 78 x 47 x 102 cm). Barbacoa de obra prefabricada para Le\u00f1a y Carb\u00f3n 69 x 47 x 190 cm. Barbacoa de obra prefabricada para Le\u00f1a y Carb\u00f3n&hellip;&nbsp;<a href=\"https:\/\/mundobarbacoa.net\/index.php\/barbacoas-de-obra\/\" rel=\"bookmark\">Leer m\u00e1s &raquo;<span class=\"screen-reader-text\">Barbacoas de obra<\/span><\/a><\/p>\n","protected":false},"author":1,"featured_media":0,"parent":0,"menu_order":0,"comment_status":"closed","ping_status":"closed","template":"","meta":{"neve_meta_sidebar":"","neve_meta_container":"","neve_meta_enable_content_width":"","neve_meta_content_width":0,"neve_meta_title_alignment":"","neve_meta_author_avatar":"","neve_post_elements_order":"","neve_meta_disable_header":"","neve_meta_disable_footer":"","neve_meta_disable_title":"","footnotes":""},"yoast_head":"<!-- This site is optimized with the Yoast SEO plugin v21.5 - https:\/\/yoast.com\/wordpress\/plugins\/seo\/ -->\n<title>Barbacoas de obra - Mundo Barbacoa<\/title>\n<meta name=\"description\" content=\"Te proporcionamos las mejores barbacoas de obra. Bas\u00e1ndonos en opiniones de los usuarios y por ser las m\u00e1s vendidas.\" \/>\n<meta name=\"robots\" content=\"index, follow, max-snippet:-1, max-image-preview:large, max-video-preview:-1\" \/>\n<link rel=\"canonical\" href=\"https:\/\/mundobarbacoa.net\/index.php\/barbacoas-de-obra\/\" \/>\n<meta property=\"og:locale\" content=\"es_ES\" \/>\n<meta property=\"og:type\" content=\"article\" \/>\n<meta property=\"og:title\" content=\"Barbacoas de obra - Mundo Barbacoa\" \/>\n<meta property=\"og:description\" content=\"Te proporcionamos las mejores barbacoas de obra. Bas\u00e1ndonos en opiniones de los usuarios y por ser las m\u00e1s vendidas.\" \/>\n<meta property=\"og:url\" content=\"https:\/\/mundobarbacoa.net\/index.php\/barbacoas-de-obra\/\" \/>\n<meta property=\"og:site_name\" content=\"Mundo Barbacoa\" \/>\n<meta property=\"article:modified_time\" content=\"2025-01-15T12:11:37+00:00\" \/>\n<meta property=\"og:image\" content=\"https:\/\/mundobarbacoa.net\/wp-content\/uploads\/2025\/01\/613C5AiypfL._AC_SL1500_.jpg\" \/>\n<meta name=\"twitter:card\" content=\"summary_large_image\" \/>\n<meta name=\"twitter:label1\" content=\"Tiempo de lectura\" \/>\n\t<meta name=\"twitter:data1\" content=\"2 minutos\" \/>\n<script type=\"application\/ld+json\" class=\"yoast-schema-graph\">{\"@context\":\"https:\/\/schema.org\",\"@graph\":[{\"@type\":\"WebPage\",\"@id\":\"https:\/\/mundobarbacoa.net\/index.php\/barbacoas-de-obra\/\",\"url\":\"https:\/\/mundobarbacoa.net\/index.php\/barbacoas-de-obra\/\",\"name\":\"Barbacoas de obra - Mundo Barbacoa\",\"isPartOf\":{\"@id\":\"https:\/\/mundobarbacoa.net\/#website\"},\"datePublished\":\"2024-11-13T12:38:55+00:00\",\"dateModified\":\"2025-01-15T12:11:37+00:00\",\"description\":\"Te proporcionamos las mejores barbacoas de obra. Bas\u00e1ndonos en opiniones de los usuarios y por ser las m\u00e1s vendidas.\",\"breadcrumb\":{\"@id\":\"https:\/\/mundobarbacoa.net\/index.php\/barbacoas-de-obra\/#breadcrumb\"},\"inLanguage\":\"es\",\"potentialAction\":[{\"@type\":\"ReadAction\",\"target\":[\"https:\/\/mundobarbacoa.net\/index.php\/barbacoas-de-obra\/\"]}]},{\"@type\":\"BreadcrumbList\",\"@id\":\"https:\/\/mundobarbacoa.net\/index.php\/barbacoas-de-obra\/#breadcrumb\",\"itemListElement\":[{\"@type\":\"ListItem\",\"position\":1,\"name\":\"Portada\",\"item\":\"https:\/\/mundobarbacoa.net\/\"},{\"@type\":\"ListItem\",\"position\":2,\"name\":\"Barbacoas de obra\"}]},{\"@type\":\"WebSite\",\"@id\":\"https:\/\/mundobarbacoa.net\/#website\",\"url\":\"https:\/\/mundobarbacoa.net\/\",\"name\":\"Mundo Barbacoa\",\"description\":\"Analizamos los mejores modelos de barbacoas\",\"publisher\":{\"@id\":\"https:\/\/mundobarbacoa.net\/#\/schema\/person\/9cb2ce144c9050dc9d465106c00b4b60\"},\"potentialAction\":[{\"@type\":\"SearchAction\",\"target\":{\"@type\":\"EntryPoint\",\"urlTemplate\":\"https:\/\/mundobarbacoa.net\/?s={search_term_string}\"},\"query-input\":\"required name=search_term_string\"}],\"inLanguage\":\"es\"},{\"@type\":[\"Person\",\"Organization\"],\"@id\":\"https:\/\/mundobarbacoa.net\/#\/schema\/person\/9cb2ce144c9050dc9d465106c00b4b60\",\"name\":\"kmcerofood\",\"logo\":{\"@id\":\"https:\/\/mundobarbacoa.net\/#\/schema\/person\/image\/\"},\"sameAs\":[\"https:\/\/mundobarbacoa.net\"]}]}<\/script>\n<!-- \/ Yoast SEO plugin. -->","yoast_head_json":{"title":"Barbacoas de obra - Mundo Barbacoa","description":"Te proporcionamos las mejores barbacoas de obra. Bas\u00e1ndonos en opiniones de los usuarios y por ser las m\u00e1s vendidas.","robots":{"index":"index","follow":"follow","max-snippet":"max-snippet:-1","max-image-preview":"max-image-preview:large","max-video-preview":"max-video-preview:-1"},"canonical":"https:\/\/mundobarbacoa.net\/index.php\/barbacoas-de-obra\/","og_locale":"es_ES","og_type":"article","og_title":"Barbacoas de obra - Mundo Barbacoa","og_description":"Te proporcionamos las mejores barbacoas de obra. Bas\u00e1ndonos en opiniones de los usuarios y por ser las m\u00e1s vendidas.","og_url":"https:\/\/mundobarbacoa.net\/index.php\/barbacoas-de-obra\/","og_site_name":"Mundo Barbacoa","article_modified_time":"2025-01-15T12:11:37+00:00","og_image":[{"url":"https:\/\/mundobarbacoa.net\/wp-content\/uploads\/2025\/01\/613C5AiypfL._AC_SL1500_.jpg"}],"twitter_card":"summary_large_image","twitter_misc":{"Tiempo de lectura":"2 minutos"},"schema":{"@context":"https:\/\/schema.org","@graph":[{"@type":"WebPage","@id":"https:\/\/mundobarbacoa.net\/index.php\/barbacoas-de-obra\/","url":"https:\/\/mundobarbacoa.net\/index.php\/barbacoas-de-obra\/","name":"Barbacoas de obra - Mundo Barbacoa","isPartOf":{"@id":"https:\/\/mundobarbacoa.net\/#website"},"datePublished":"2024-11-13T12:38:55+00:00","dateModified":"2025-01-15T12:11:37+00:00","description":"Te proporcionamos las mejores barbacoas de obra. Bas\u00e1ndonos en opiniones de los usuarios y por ser las m\u00e1s vendidas.","breadcrumb":{"@id":"https:\/\/mundobarbacoa.net\/index.php\/barbacoas-de-obra\/#breadcrumb"},"inLanguage":"es","potentialAction":[{"@type":"ReadAction","target":["https:\/\/mundobarbacoa.net\/index.php\/barbacoas-de-obra\/"]}]},{"@type":"BreadcrumbList","@id":"https:\/\/mundobarbacoa.net\/index.php\/barbacoas-de-obra\/#breadcrumb","itemListElement":[{"@type":"ListItem","position":1,"name":"Portada","item":"https:\/\/mundobarbacoa.net\/"},{"@type":"ListItem","position":2,"name":"Barbacoas de obra"}]},{"@type":"WebSite","@id":"https:\/\/mundobarbacoa.net\/#website","url":"https:\/\/mundobarbacoa.net\/","name":"Mundo Barbacoa","description":"Analizamos los mejores modelos de barbacoas","publisher":{"@id":"https:\/\/mundobarbacoa.net\/#\/schema\/person\/9cb2ce144c9050dc9d465106c00b4b60"},"potentialAction":[{"@type":"SearchAction","target":{"@type":"EntryPoint","urlTemplate":"https:\/\/mundobarbacoa.net\/?s={search_term_string}"},"query-input":"required name=search_term_string"}],"inLanguage":"es"},{"@type":["Person","Organization"],"@id":"https:\/\/mundobarbacoa.net\/#\/schema\/person\/9cb2ce144c9050dc9d465106c00b4b60","name":"kmcerofood","logo":{"@id":"https:\/\/mundobarbacoa.net\/#\/schema\/person\/image\/"},"sameAs":["https:\/\/mundobarbacoa.net"]}]}},"_links":{"self":[{"href":"https:\/\/mundobarbacoa.net\/index.php\/wp-json\/wp\/v2\/pages\/29"}],"collection":[{"href":"https:\/\/mundobarbacoa.net\/index.php\/wp-json\/wp\/v2\/pages"}],"about":[{"href":"https:\/\/mundobarbacoa.net\/index.php\/wp-json\/wp\/v2\/types\/page"}],"author":[{"embeddable":true,"href":"https:\/\/mundobarbacoa.net\/index.php\/wp-json\/wp\/v2\/users\/1"}],"replies":[{"embeddable":true,"href":"https:\/\/mundobarbacoa.net\/index.php\/wp-json\/wp\/v2\/comments?post=29"}],"version-history":[{"count":4,"href":"https:\/\/mundobarbacoa.net\/index.php\/wp-json\/wp\/v2\/pages\/29\/revisions"}],"predecessor-version":[{"id":489,"href":"https:\/\/mundobarbacoa.net\/index.php\/wp-json\/wp\/v2\/pages\/29\/revisions\/489"}],"wp:attachment":[{"href":"https:\/\/mundobarbacoa.net\/index.php\/wp-json\/wp\/v2\/media?parent=29"}],"curies":[{"name":"wp","href":"https:\/\/api.w.org\/{rel}","templated":true}]}}